{"id":3,"date":"2023-03-02T11:37:07","date_gmt":"2023-03-02T09:37:07","guid":{"rendered":"https:\/\/pruebas.prodex-informatica.com\/parapruebas2021\/?page_id=3"},"modified":"2024-04-09T17:24:01","modified_gmt":"2024-04-09T15:24:01","slug":"politica-de-privadesa","status":"publish","type":"page","link":"https:\/\/pruebas.prodex-informatica.com\/parapruebas2021\/politica-de-privadesa\/","title":{"rendered":"Av\u00eds legal i pol\u00edtica de cookies"},"content":{"rendered":"<h2>1. &#8211; IDENTIFICACI\u00d3 DEL TITULAR DEL DOMINI<\/h2>\n<p>En compliment del deure d&#8217;informaci\u00f3 recollit a l\u2019article 10 de la Llei 34\/2002, de 11 de juliol, de Serveis de la Societat de la Informaci\u00f3 i del Comer\u00e7 Electr\u00f2nic, a continuaci\u00f3 es publiquen les seg\u00fcents dades:<\/p>\n<ul>\n<li>Titular: Col\u00b7legi John Talabot<\/li>\n<li>Direcci\u00f3: C. Escoles Pies 136, Barcelona 08017<\/li>\n<li>Tel\u00e8fon: 932123499<\/li>\n<li>Registre de centres escolars del departament d\u2019Ensenyament: 08032099<\/li>\n<li>CIF: B0880238<\/li>\n<li>Email:\u00a0<span id=\"cloak5673e0eb47c8fed9b74ca4604567e4bc\"><a href=\"mailto:info@johntalabot.com\">info@johntalabot.com<\/a><\/span><\/li>\n<\/ul>\n<h2>2. &#8211; CONDICIONS D&#8217;\u00daS DE LA WEB.<\/h2>\n<p>S&#8217;entendr\u00e0 com a usuari a la persona que accedeix i faci servir aquest website.\u2028L&#8217;usuari pel sol fet de ser-ho accepta aquestes condicions d&#8217;\u00fas.\u2028L&#8217;usuari assumeix la responsabilitat de l&#8217;\u00fas que pugui fer d&#8217;aquesta web.\u2028Aquesta responsabilitat s&#8217;est\u00e9n al registre que fos necessari per accedir a determinats serveis o continguts. L&#8217;usuari ser\u00e0 responsable d&#8217;aportar informaci\u00f3 vera\u00e7 i l\u00edcita en el proc\u00e9s de registre. L&#8217;USUARI es compromet a fer un \u00fas adequat dels continguts i serveis que el Col\u00b7legi John Talabot ofereix a trav\u00e9s d&#8217;aquesta web i amb car\u00e0cter enunciatiu per\u00f2 no limitador, a no fer-los servir per a:<\/p>\n<ol>\n<li>Provocar danys en els sistemes f\u00edsics i l\u00f2gics del\u00a0 la Col\u00b7legi John Talabot, dels seus\u00a0prove\u00efdors o de terceres persones, introduir o difondre a la xarxa virus inform\u00e0tics o qualssevol altres sistemes f\u00edsics o l\u00f2gics que siguin susceptibles de provocar els danys anteriorment esmentats.<\/li>\n<li>Intentar accedir i, si escau, fer servir els comptes de correu electr\u00f2nic d&#8217;altres usuaris i modificar o manipular els seus missatges.<\/li>\n<\/ol>\n<p>Queda prohibida la publicaci\u00f3 en els nostres espais web de continguts que atemptin contra els principis enumerats a continuaci\u00f3, reservant-se el titular del domini l&#8217;exercici de quantes accions siguin procedents en dret contra els responsables de la seva publicaci\u00f3:<\/p>\n<ol>\n<li>La salvaguarda de l&#8217;ordre p\u00fablic, la investigaci\u00f3 penal, seguretat p\u00fablica i defensa nacional,<\/li>\n<li>La protecci\u00f3 de la salut p\u00fablica o de les persones f\u00edsiques que tinguin la condici\u00f3 de consumidors o usuaris,<\/li>\n<li>El respecte a la dignitat de la persona i al principi de no discriminaci\u00f3 per motius de ra\u00e7a, sexe, opini\u00f3, nacionalitat, discapacitat o qualsevol altra circumst\u00e0ncia personal o social,<\/li>\n<li>La protecci\u00f3 de la joventut i de la inf\u00e0ncia.<\/li>\n<li>El respecte a l&#8217;autonomia de la voluntat de l&#8217;afectat<\/li>\n<li>El respecte a la propietat intel\u00b7lectual del publicat<\/li>\n<li>En general, el respecte a la legalitat vigent\u00a0(1) es reserva el dret de retirar tots aquells comentaris i aportacions que vulnerin el respecte a la dignitat de la persona, que siguin discriminatoris, xen\u00f2fobs, racistes, pornogr\u00e0fics, que atemptin contra la joventut o la inf\u00e0ncia, l&#8217;ordre o la seguretat p\u00fablica o que, al seu judici, no fossin adequats per a la seva publicaci\u00f3.<\/li>\n<\/ol>\n<p>En qualsevol cas, el titular del domini no ser\u00e0 responsable de les opinions abocades pels usuaris a trav\u00e9s dels f\u00f2rums, xats, o altres eines de participaci\u00f3 que es puguin incorporar a aquesta web.<\/p>\n<h2>3. &#8211; PROPIETAT INTEL\u00b7LECTUAL I INDUSTRIAL<\/h2>\n<p>Col\u00b7legi John Talabot \u00e9s titular de tots els drets de propietat intel\u00b7lectual i industrial de les seves p\u00e0gines web, com tamb\u00e9 ho \u00e9s de tot el seu contingut, per la qual cosa tota reproducci\u00f3, distribuci\u00f3 i comunicaci\u00f3 p\u00fablica total o parcial del seu contingut queda expressament prohibida sense l&#8217;autoritzaci\u00f3 expressa del titular.<\/p>\n<h2>4. &#8211; RESPONSABILITAT<\/h2>\n<p>El titular del domini no ser\u00e0 responsable dels danys i perjudicis que es puguin derivar d&#8217;interfer\u00e8ncies o avaries telef\u00f2niques, desconnexions en el sistema electr\u00f2nic, pres\u00e8ncia de virus inform\u00e0tics, programes maliciosos o qualsevol altre factor ali\u00e8 al seu control. Tampoc ser\u00e0 responsable dels continguts o sistemes de tercers connectats amb el seu domini.<\/p>\n<h2>5. &#8211; PRIVACITAT<\/h2>\n<h3>5.1. -DRET D&#8217;INFORMACI\u00d3<\/h3>\n<p>Segons el que disposa l&#8217;article 5 de la Llei Org\u00e0nica 15\/1.999 de 13 de desembre, de Protecci\u00f3 de Dades de Car\u00e0cter Personal (en endavant LOPD) l&#8217;informem que les dades que vost\u00e8 ens faciliti en els formularis que trobar\u00e0 a la web i els que ens envi\u00ef a la nostra adre\u00e7a de correu electr\u00f2nic, seran incorporades, tal com vost\u00e8 ens les cedeixi, a una base de dades anomenada VIRTUSCLASS\u00a0 per tal d&#8217;atendre la seva sol\u00b7licitud, donar compliment a les obligacions legals derivades d&#8217;aquesta relaci\u00f3, i per mantenir-lo informat de les nostres activitats per correu postal o electr\u00f2nic.<\/p>\n<p>Els destinataris de la informaci\u00f3 s\u00f3n els departaments en qu\u00e8 s&#8217;organitza el Col\u00b7legi John Talabot, algunes empreses col\u00b7laboradores que presten els seus serveis en ella i els organismes oficials competents en la mat\u00e8ria. Nom\u00e9s cedirem seves dades quan ho mani una llei, o es faci complint contractes en vigor.<\/p>\n<p>Als formularis de recollida de dades estaran marcades les dades que obligat\u00f2riament ens ha d&#8217;aportar perqu\u00e8 puguem tramitar la seva petici\u00f3. El fet que no les aporti, pot impedir que gestionem correctament la seva petici\u00f3. En tot cas, t\u00e9 dret a exercir els drets d&#8217;oposici\u00f3, acc\u00e9s, rectificaci\u00f3 i cancel\u00b7laci\u00f3 en l&#8217;\u00e0mbit reconegut per la Llei Org\u00e0nica 15\/1.999 de 13 de desembre, per la via del procediment regulat en el RD 1720\/2007 de 21 de desembre .<\/p>\n<p>El responsable de la Base de Dades \u00e9s Col\u00b7legi John Talabot. Per exercir els drets esmentats i per a qualsevol aclariment, pot dirigir-se a l&#8217;adre\u00e7a postal esmentada, mitjan\u00e7ant l&#8217;adre\u00e7a de correu electr\u00f2nic\u00a0<span id=\"cloak9cb47a0ac9f5fe3346919c2acc9efb03\"><a href=\"mailto:info@johntalabot.com\">info@johntalabot.com<\/a><\/span>\u00a0o trucant al n \u00ba 93 212 34 99<\/p>\n<h3>5.2. -CONSENTIMENT DE L&#8217;USUARI<\/h3>\n<p>S&#8217;entendr\u00e0 que l&#8217;usuari accepta les condicions establertes si prem el bot\u00f3 &#8216;ACCEPTAR&#8217; que es troba a tots els formularis de recollida de dades, o envia un correu electr\u00f2nic a les adreces de contacte que figuren a la web.<\/p>\n<h3>5.3. \u2013 SEGURETAT<\/h3>\n<p>Les dades personals recollides dels nostres usuaris s\u00f3n emmagatzemades a la base de dades abans descrita, que garanteix les mesures oportunes d&#8217;\u00edndole t\u00e8cnica i estructural per a prevenir la integritat i seguretat de la informaci\u00f3 personal aportada i disposa d&#8217;un document de seguretat que compleix amb el Reial Decret 1720\/2007, de 21 de desembre, pel qual s&#8217;aprova el Reglament de desenvolupament de la Llei Org\u00e0nica 15\/1999, de 13 de desembre, de protecci\u00f3 de dades de car\u00e0cter personal. (BOE n\u00fam. 17 de 19\/1\/2008) i ha establert tots els mitjans t\u00e8cnics al seu abast per evitar la p\u00e8rdua, mal \u00fas, alteraci\u00f3, acc\u00e9s no autoritzat i robatori de les dades que vost\u00e8 ens faciliti, sense perjudici d&#8217;informar-li que les mesures de seguretat a Internet no s\u00f3n inexpugnables. El tractament de les dades personals est\u00e0 ajustat a la normativa establerta en la Llei Org\u00e0nica 15\/1999, 13 de desembre, de Protecci\u00f3 de Dades de Car\u00e0cter Personal (BOE 14\/12\/1999).<\/p>\n<h3>5.4. \u2013 \u00daS ADRECES IP I COOKIES I RECOLLIDA DE DADES ESTAD\u00cdSTIQUES.<\/h3>\n<p>Col\u00b7legi John Talabot l&#8217;informa que la navegaci\u00f3 d&#8217;un usuari per aquesta web deixa com a rastre l&#8217;adre\u00e7a IP que li ha estat assignada pel seu prove\u00efdor d&#8217;acc\u00e9s a internet. Nom\u00e9s s&#8217;utilitza aquesta adre\u00e7a per a fins exclusivament interns, com s\u00f3n les estad\u00edstiques d&#8217;acc\u00e9s al Portal. Per a la utilitzaci\u00f3 d&#8217;aquesta web, \u00e9s possible que es facin servir cookies. Les cookies que es puguin utilitzar s&#8217;associen \u00fanicament amb el navegador d&#8217;un ordinador determinat (un usuari an\u00f2nim), i no proporcionen per si mateixes cap dada personal de l&#8217;usuari. Les cookies utilitzades no poden llegir els arxius cookie creats per altres prove\u00efdors o llocs web. L&#8217;usuari t\u00e9 la possibilitat de configurar el seu navegador per ser avisat en pantalla de la recepci\u00f3 de cookies i per evitar la seva instal\u00b7laci\u00f3 al seu disc dur. Si us plau, consulti les instruccions i manuals del seu navegador per ampliar aquesta informaci\u00f3.<\/p>\n<h3>5.4.1. \u2013 \u00daS DE COOKIES<\/h3>\n<p>Per tal de recon\u00e8ixer-vos i prestar-vos un millor servei, el nostre lloc web utilitza cookies de tercers (petits arxius de text que el vostre navegador emmagatzema)<\/p>\n<h3>COOKIES DE PERSONALITZACI\u00d3 (NECESS\u00c0RIES):<\/h3>\n<p><strong>NOM DE LA COOKIE:<\/strong> WORDPRESS_TEST_COOKIE<br \/>\n<strong>TIPUS:<\/strong> DE SESSI\u00d3<br \/>\n<strong>DOMINI:<\/strong> WORDPRESS.ORG<br \/>\n<strong>CATEGORIA:<\/strong> NECESS\u00c0RIA<br \/>\n<strong>DURADA:<\/strong> PER SESSI\u00d3<br \/>\n<strong>ID:<\/strong> WP%20Cookie%20check<br \/>\n<strong>DESCRIPCI\u00d3:<\/strong> INICI DE SESSI\u00d3 A WORDPRESS<\/p>\n<p><strong>NOM DE LA COOKIE:<\/strong> _ICL_CURRENT_LANGUAGE<br \/>\n<strong>TIPUS:<\/strong> DE TERCERS (WPML MULTILINGUAL)<br \/>\n<strong>DOMINI:<\/strong> JOHNTALABOTSCHOOL.COM<br \/>\n<strong>CATEGORIA:<\/strong> NECESS\u00c0RIA<br \/>\n<strong>DURADA:<\/strong> PER SESSI\u00d3<br \/>\n<strong>ID:<\/strong> ES\/CA\/EN<br \/>\n<strong>DESCRIPCI\u00d3:<\/strong> CONFIGURACI\u00d3 DE L&#8217;IDIOMA WEB.<\/p>\n<p><strong>NOM DE LA COOKIE:<\/strong> VIEWED_COOKIE_POLICY<br \/>\n<strong>TIPUS:<\/strong> DE TERCERS<br \/>\n<strong>DOMINI:<\/strong> JOHNTALABOTSCHOOL.COM<br \/>\n<strong>CATEGORIA:<\/strong> NECESS\u00c0RIA<br \/>\n<strong>DURADA:<\/strong> 12 MESOS<br \/>\n<strong>ID: <\/strong>moove_gdpr_popup<br \/>\n<strong>DESCRIPCI\u00d3:<\/strong> RECORDAR PREFER\u00c8NCIES DELS AJUSTOS DE LES COOKIES.<\/p>\n<p><strong>NOM DE LA COOKIE:<\/strong> _cfuvid (VIMEO)<br \/>\n<strong>TIPUS:<\/strong> DE TERCERS<br \/>\n<strong>DOMINI:<\/strong> VIMEO.COM<br \/>\n<strong>CATEGORIA:<\/strong> NECESS\u00c0RIA<br \/>\n<strong>DURADA:<\/strong> 12 MESOS<br \/>\n<strong>ID:<\/strong>_cfuvid<br \/>\n<strong>DESCRIPCI\u00d3:<\/strong> PODER REPRODUIR ELS VIDEOS DE VIMEO<\/p>\n<p><strong>NOM DE LA COOKIE:<\/strong> _GRECAPTCHA<br \/>\n<strong>TIPUS:<\/strong> DE TERCERS<br \/>\n<strong>DOMINI:<\/strong> GOOGLE.COM<br \/>\n<strong>CATEGORIA:<\/strong> NECESS\u00c0RIA<br \/>\n<strong>DURADA:<\/strong> 6 MESOS<br \/>\n<strong>ID:<\/strong> 09APJ96HT3L2PZPWKQNMWY9AWY_O2CTKZISFJIUY2YFBX79AOW8LSN8-MKCV8ELLTBX1ENDFFIMH2ZTXXACEOYVVO<br \/>\n<strong>DESCRIPCI\u00d3:<\/strong> SEGURETAT EN L&#8217;ENVIAMENT DE FORMULARIS (NO S\u00d3C UN ROBOT).<\/p>\n<h3>COOKIES DE GOOGLE ANALYTICS (OPCIONALS)<\/h3>\n<p>El Lloc Web utilitza el servei Google Analytics, que \u00e9s prestat per Google, Inc., entitat l&#8217;oficina principal del qual \u00e9s el 1600 Amphitheatre Parkway, Mountain View (Calif\u00f2rnia), CA 94043, Estats Units (\u201cGoogle\u201d).<\/p>\n<p><strong>NOM DE LA COOKIE:<\/strong> _GA GOOGLE ANALYTICS<br \/>\n<strong>TIPUS:<\/strong> DE TERCERS<br \/>\n<strong>DOMINI:<\/strong> GOOGLE.COM<br \/>\n<strong>CATEGORIA:<\/strong> D&#8217;AN\u00c0LISI (OPCIONAL)<br \/>\n<strong>DURADA:<\/strong> SESSI\u00d3<br \/>\n<strong>ID:<\/strong> _ga , _ga_DG0FSTME48<br \/>\n<strong>DESCRIPCI\u00d3:<\/strong> Les galetes de Google Analytics generen un ID d&#8217;usuari, que \u00e9s el que s&#8217;utilitza per fer un recompte de quantes vegades l&#8217;usuari visita aquest Lloc Web. Tamb\u00e9 registra quan va ser la primera i la darrera vegada que va visitar la web. Tamb\u00e9 calcula quan s&#8217;ha acabat una sessi\u00f3, origen d&#8217;usuari i keywords.<\/p>\n<p>Google Analytics utilitza cookies per ajudar a analitzar l\u00fas que fan els usuaris del lloc web. La informaci\u00f3 que genera la galeta sobre l&#8217;\u00fas del lloc web (incloent-hi l&#8217;adre\u00e7a IP) ser\u00e0 directament transmesa i arxivada per Google als seus servidors dels Estats Units. Google utilitzar\u00e0 aquesta informaci\u00f3 amb la finalitat de seguir la pista del vostre \u00fas del Lloc Web, recopilant informes de l&#8217;activitat del lloc i prestant altres serveis relacionats amb l&#8217;activitat del lloc i l&#8217;\u00fas d&#8217;Internet. Google podr\u00e0 transmetre aquesta informaci\u00f3 a tercers quan aix\u00ed ho requereixi la legislaci\u00f3, o quan aquests tercers processin la informaci\u00f3 per compte de Google. En aquests casos, Google no associar\u00e0 la vostra adre\u00e7a IP amb cap altra dada de qu\u00e8 disposi Google.<\/p>\n<p>En utilitzar aquest lloc consent el tractament de la seva informaci\u00f3 per Google en la forma i per als fins esmentats. D&#8217;aquesta manera, les cookies d&#8217;an\u00e0lisi poden ser utilitzades per recon\u00e8ixer-lo en visites successives, per obtenir informaci\u00f3 sobre la data i l&#8217;hora de la seva \u00faltima visita, mesurar alguns par\u00e0metres de tr\u00e0nsit dins del propi lloc web, i estimar el nombre de visites realitzades, de manera que puguem enfocar i ajustar els serveis de manera m\u00e9s efectiva.<\/p>\n<h3>5.4.2. \u2013 CONFIGURACI\u00d3 DE L&#8217;USUARI PER EVITAR LES COOKIES<\/h3>\n<p>Des d&#8217;aquest Lloc Web i en compliment de la normativa legal vigent, posem a la vostra disposici\u00f3 la informaci\u00f3 que us permet configurar el vostre navegador\/navegadors d&#8217;Internet per mantenir la privadesa i seguretat en relaci\u00f3 amb les cookies. Per aix\u00f2, us facilitem la informaci\u00f3 i enlla\u00e7os als llocs de suport oficials dels principals navegadors perqu\u00e8 pugui decidir si voleu o no acceptar l&#8217;\u00fas de cookies.<\/p>\n<p>Aix\u00ed, podeu bloquejar les cookies a trav\u00e9s de les eines de configuraci\u00f3 del navegador o b\u00e9 podeu configurar el vostre navegador perqu\u00e8 us avisi quan un servidor vulgui guardar una galeta:<\/p>\n<p><strong>a)<\/strong> Si utilitzeu Microsoft Internet Explorer, a l&#8217;opci\u00f3 de men\u00fa Eines &gt; Opcions d&#8217;Internet &gt; Privadesa &gt; Configuraci\u00f3. Per saber-ne m\u00e9s visiteu: http:\/\/windows.microsoft.com\/es-es\/windows-vista\/block-or-allow-cookieshttp:\/\/windows.microsoft.com\/es-es\/windows7\/how-to-manage -cookies-in-internet-explorer-9<br \/>\n<strong>b)<\/strong> Si utilitzeu Firefox, a l&#8217;opci\u00f3 de men\u00fa Eines &gt; Opcions &gt; Privadesa &gt; Cookies. Per saber-ne m\u00e9s visiteu: http:\/\/support.mozilla.org\/es\/kb\/habilitar-y-deshabilitar-cookies-que-los-sitios-we<br \/>\n<strong>c)<\/strong> Si utilitzeu Chrome, a la secci\u00f3 d&#8217;Opcions &gt; Opcions avan\u00e7ades &gt; Privadesa. Per saber-ne m\u00e9s visiteu: http:\/\/support.google.com\/chrome\/bin\/answer.py?hl=es&amp;answer=95647<br \/>\n<strong>d)<\/strong> Si utilitzeu Opera, a l&#8217;opci\u00f3 de Seguretat i Privadesa, podreu configurar el navegador. Per saber-ne m\u00e9s visiteu: http:\/\/www.opera.com\/help\/tutorials\/security\/cookies\/<\/p>\n<h3>5.5. \u2013 ENLLA\u00c7OS<\/h3>\n<p>Per facilitar la recerca de recursos que creiem que s\u00f3n del seu inter\u00e8s, pot trobar en aquesta web enlla\u00e7os a altres p\u00e0gines. Aquesta pol\u00edtica de privacitat nom\u00e9s \u00e9s d&#8217;aplicaci\u00f3 a aquest web. Col\u00b7legi John Talabot no garanteix el compliment d&#8217;aquesta pol\u00edtica en altres webs, ni es fa responsable dels accessos mitjan\u00e7ant enlla\u00e7os des d\u2019aquest lloc.<\/p>\n<h2>6. -MODIFICACIONS DE LES PRESENTS CONDICIONS I VIG\u00c8NCIA<\/h2>\n<p>Col\u00b7legi John Talabot pot modificar les presents condicions en qualsevol moment, sense previ av\u00eds, publicant les seves modificacions tal com aqu\u00ed apareixen. Un cop modificades, les presents condicions deixaran de ser vigents i seran substitu\u00efdes per la seva modificaci\u00f3.<\/p>\n<h2>7. -LEGISLACI\u00d3 APLICABLE I JURISDICCI\u00d3<\/h2>\n<p>La relaci\u00f3 entre Col\u00b7legi John Talabot i l&#8217;usuari es regir\u00e0 per la normativa espanyola vigent i qualsevol controv\u00e8rsia se sotmetr\u00e0 als Jutjats i tribunals de la ciutat de Barcelona.<\/p>\n<p>&nbsp;<\/p>\n","protected":false},"excerpt":{"rendered":"<p>1. &#8211; IDENTIFICACI\u00d3 DEL TITULAR DEL DOMINI En compliment del deure d&#8217;informaci\u00f3 recollit a l\u2019article 10 de la Llei 34\/2002, de 11 de juliol, de Serveis de la Societat de [&hellip;]<\/p>\n","protected":false},"author":1,"featured_media":0,"parent":0,"menu_order":0,"comment_status":"closed","ping_status":"open","template":"","meta":{"_et_pb_use_builder":"off","_et_pb_old_content":"","_et_gb_content_width":"","inline_featured_image":false,"footnotes":""},"class_list":["post-3","page","type-page","status-publish","hentry"],"acf":[],"yoast_head":"<!-- This site is optimized with the Yoast SEO plugin v23.6 - https:\/\/yoast.com\/wordpress\/plugins\/seo\/ -->\n<title>Av\u00eds legal i pol\u00edtica de cookies - John Talabot School<\/title>\n<meta name=\"robots\" content=\"noindex, follow, max-snippet:-1, max-image-preview:large, max-video-preview:-1\" \/>\n<meta property=\"og:locale\" content=\"en_US\" \/>\n<meta property=\"og:type\" content=\"article\" \/>\n<meta property=\"og:title\" content=\"Av\u00eds legal i pol\u00edtica de cookies - John Talabot School\" \/>\n<meta property=\"og:description\" content=\"1. &#8211; IDENTIFICACI\u00d3 DEL TITULAR DEL DOMINI En compliment del deure d&#8217;informaci\u00f3 recollit a l\u2019article 10 de la Llei 34\/2002, de 11 de juliol, de Serveis de la Societat de [&hellip;]\" \/>\n<meta property=\"og:url\" content=\"https:\/\/pruebas.prodex-informatica.com\/parapruebas2021\/politica-de-privadesa\/\" \/>\n<meta property=\"og:site_name\" content=\"John Talabot School\" \/>\n<meta property=\"article:modified_time\" content=\"2024-04-09T15:24:01+00:00\" \/>\n<meta name=\"twitter:card\" content=\"summary_large_image\" \/>\n<meta name=\"twitter:label1\" content=\"Est. reading time\" \/>\n\t<meta name=\"twitter:data1\" content=\"9 minutes\" \/>\n<script type=\"application\/ld+json\" class=\"yoast-schema-graph\">{\"@context\":\"https:\/\/schema.org\",\"@graph\":[{\"@type\":\"WebPage\",\"@id\":\"https:\/\/pruebas.prodex-informatica.com\/parapruebas2021\/politica-de-privadesa\/\",\"url\":\"https:\/\/pruebas.prodex-informatica.com\/parapruebas2021\/politica-de-privadesa\/\",\"name\":\"Av\u00eds legal i pol\u00edtica de cookies - John Talabot School\",\"isPartOf\":{\"@id\":\"https:\/\/pruebas.prodex-informatica.com\/parapruebas2021\/#website\"},\"datePublished\":\"2023-03-02T09:37:07+00:00\",\"dateModified\":\"2024-04-09T15:24:01+00:00\",\"breadcrumb\":{\"@id\":\"https:\/\/pruebas.prodex-informatica.com\/parapruebas2021\/politica-de-privadesa\/#breadcrumb\"},\"inLanguage\":\"en-US\",\"potentialAction\":[{\"@type\":\"ReadAction\",\"target\":[\"https:\/\/pruebas.prodex-informatica.com\/parapruebas2021\/politica-de-privadesa\/\"]}]},{\"@type\":\"BreadcrumbList\",\"@id\":\"https:\/\/pruebas.prodex-informatica.com\/parapruebas2021\/politica-de-privadesa\/#breadcrumb\",\"itemListElement\":[{\"@type\":\"ListItem\",\"position\":1,\"name\":\"Home\",\"item\":\"https:\/\/pruebas.prodex-informatica.com\/parapruebas2021\/\"},{\"@type\":\"ListItem\",\"position\":2,\"name\":\"Av\u00eds legal i pol\u00edtica de cookies\"}]},{\"@type\":\"WebSite\",\"@id\":\"https:\/\/pruebas.prodex-informatica.com\/parapruebas2021\/#website\",\"url\":\"https:\/\/pruebas.prodex-informatica.com\/parapruebas2021\/\",\"name\":\"John Talabot School\",\"description\":\"\",\"publisher\":{\"@id\":\"https:\/\/pruebas.prodex-informatica.com\/parapruebas2021\/#organization\"},\"potentialAction\":[{\"@type\":\"SearchAction\",\"target\":{\"@type\":\"EntryPoint\",\"urlTemplate\":\"https:\/\/pruebas.prodex-informatica.com\/parapruebas2021\/?s={search_term_string}\"},\"query-input\":{\"@type\":\"PropertyValueSpecification\",\"valueRequired\":true,\"valueName\":\"search_term_string\"}}],\"inLanguage\":\"en-US\"},{\"@type\":\"Organization\",\"@id\":\"https:\/\/pruebas.prodex-informatica.com\/parapruebas2021\/#organization\",\"name\":\"John Talabot School Barcelona\",\"alternateName\":\"John Talabot\",\"url\":\"https:\/\/pruebas.prodex-informatica.com\/parapruebas2021\/\",\"logo\":{\"@type\":\"ImageObject\",\"inLanguage\":\"en-US\",\"@id\":\"https:\/\/pruebas.prodex-informatica.com\/parapruebas2021\/#\/schema\/logo\/image\/\",\"url\":\"https:\/\/pruebas.prodex-informatica.com\/parapruebas2021\/wp-content\/uploads\/2023\/03\/john-talabol-logo-q.webp\",\"contentUrl\":\"https:\/\/pruebas.prodex-informatica.com\/parapruebas2021\/wp-content\/uploads\/2023\/03\/john-talabol-logo-q.webp\",\"width\":550,\"height\":550,\"caption\":\"John Talabot School Barcelona\"},\"image\":{\"@id\":\"https:\/\/pruebas.prodex-informatica.com\/parapruebas2021\/#\/schema\/logo\/image\/\"}}]}<\/script>\n<!-- \/ Yoast SEO plugin. -->","yoast_head_json":{"title":"Av\u00eds legal i pol\u00edtica de cookies - John Talabot School","robots":{"index":"noindex","follow":"follow","max-snippet":"max-snippet:-1","max-image-preview":"max-image-preview:large","max-video-preview":"max-video-preview:-1"},"og_locale":"en_US","og_type":"article","og_title":"Av\u00eds legal i pol\u00edtica de cookies - John Talabot School","og_description":"1. &#8211; IDENTIFICACI\u00d3 DEL TITULAR DEL DOMINI En compliment del deure d&#8217;informaci\u00f3 recollit a l\u2019article 10 de la Llei 34\/2002, de 11 de juliol, de Serveis de la Societat de [&hellip;]","og_url":"https:\/\/pruebas.prodex-informatica.com\/parapruebas2021\/politica-de-privadesa\/","og_site_name":"John Talabot School","article_modified_time":"2024-04-09T15:24:01+00:00","twitter_card":"summary_large_image","twitter_misc":{"Est. reading time":"9 minutes"},"schema":{"@context":"https:\/\/schema.org","@graph":[{"@type":"WebPage","@id":"https:\/\/pruebas.prodex-informatica.com\/parapruebas2021\/politica-de-privadesa\/","url":"https:\/\/pruebas.prodex-informatica.com\/parapruebas2021\/politica-de-privadesa\/","name":"Av\u00eds legal i pol\u00edtica de cookies - John Talabot School","isPartOf":{"@id":"https:\/\/pruebas.prodex-informatica.com\/parapruebas2021\/#website"},"datePublished":"2023-03-02T09:37:07+00:00","dateModified":"2024-04-09T15:24:01+00:00","breadcrumb":{"@id":"https:\/\/pruebas.prodex-informatica.com\/parapruebas2021\/politica-de-privadesa\/#breadcrumb"},"inLanguage":"en-US","potentialAction":[{"@type":"ReadAction","target":["https:\/\/pruebas.prodex-informatica.com\/parapruebas2021\/politica-de-privadesa\/"]}]},{"@type":"BreadcrumbList","@id":"https:\/\/pruebas.prodex-informatica.com\/parapruebas2021\/politica-de-privadesa\/#breadcrumb","itemListElement":[{"@type":"ListItem","position":1,"name":"Home","item":"https:\/\/pruebas.prodex-informatica.com\/parapruebas2021\/"},{"@type":"ListItem","position":2,"name":"Av\u00eds legal i pol\u00edtica de cookies"}]},{"@type":"WebSite","@id":"https:\/\/pruebas.prodex-informatica.com\/parapruebas2021\/#website","url":"https:\/\/pruebas.prodex-informatica.com\/parapruebas2021\/","name":"John Talabot School","description":"","publisher":{"@id":"https:\/\/pruebas.prodex-informatica.com\/parapruebas2021\/#organization"},"potentialAction":[{"@type":"SearchAction","target":{"@type":"EntryPoint","urlTemplate":"https:\/\/pruebas.prodex-informatica.com\/parapruebas2021\/?s={search_term_string}"},"query-input":{"@type":"PropertyValueSpecification","valueRequired":true,"valueName":"search_term_string"}}],"inLanguage":"en-US"},{"@type":"Organization","@id":"https:\/\/pruebas.prodex-informatica.com\/parapruebas2021\/#organization","name":"John Talabot School Barcelona","alternateName":"John Talabot","url":"https:\/\/pruebas.prodex-informatica.com\/parapruebas2021\/","logo":{"@type":"ImageObject","inLanguage":"en-US","@id":"https:\/\/pruebas.prodex-informatica.com\/parapruebas2021\/#\/schema\/logo\/image\/","url":"https:\/\/pruebas.prodex-informatica.com\/parapruebas2021\/wp-content\/uploads\/2023\/03\/john-talabol-logo-q.webp","contentUrl":"https:\/\/pruebas.prodex-informatica.com\/parapruebas2021\/wp-content\/uploads\/2023\/03\/john-talabol-logo-q.webp","width":550,"height":550,"caption":"John Talabot School Barcelona"},"image":{"@id":"https:\/\/pruebas.prodex-informatica.com\/parapruebas2021\/#\/schema\/logo\/image\/"}}]}},"_links":{"self":[{"href":"https:\/\/pruebas.prodex-informatica.com\/parapruebas2021\/wp-json\/wp\/v2\/pages\/3","targetHints":{"allow":["GET"]}}],"collection":[{"href":"https:\/\/pruebas.prodex-informatica.com\/parapruebas2021\/wp-json\/wp\/v2\/pages"}],"about":[{"href":"https:\/\/pruebas.prodex-informatica.com\/parapruebas2021\/wp-json\/wp\/v2\/types\/page"}],"author":[{"embeddable":true,"href":"https:\/\/pruebas.prodex-informatica.com\/parapruebas2021\/wp-json\/wp\/v2\/users\/1"}],"replies":[{"embeddable":true,"href":"https:\/\/pruebas.prodex-informatica.com\/parapruebas2021\/wp-json\/wp\/v2\/comments?post=3"}],"version-history":[{"count":9,"href":"https:\/\/pruebas.prodex-informatica.com\/parapruebas2021\/wp-json\/wp\/v2\/pages\/3\/revisions"}],"predecessor-version":[{"id":2107,"href":"https:\/\/pruebas.prodex-informatica.com\/parapruebas2021\/wp-json\/wp\/v2\/pages\/3\/revisions\/2107"}],"wp:attachment":[{"href":"https:\/\/pruebas.prodex-informatica.com\/parapruebas2021\/wp-json\/wp\/v2\/media?parent=3"}],"curies":[{"name":"wp","href":"https:\/\/api.w.org\/{rel}","templated":true}]}}