{"id":1118,"date":"2023-03-12T13:33:59","date_gmt":"2023-03-12T11:33:59","guid":{"rendered":"https:\/\/pruebas.prodex-informatica.com\/parapruebas2021\/about-our-name-john-talabot\/"},"modified":"2023-04-07T17:51:52","modified_gmt":"2023-04-07T15:51:52","slug":"quien-era-john-talabot","status":"publish","type":"page","link":"https:\/\/pruebas.prodex-informatica.com\/parapruebas2021\/es\/quien-era-john-talabot\/","title":{"rendered":"\u00bfQui\u00e9n era John Talabot?"},"content":{"rendered":"<p>[et_pb_section fb_built=&#8221;1&#8243; _builder_version=&#8221;4.20.0&#8243; _module_preset=&#8221;default&#8221; global_colors_info=&#8221;{}&#8221;][et_pb_row _builder_version=&#8221;4.20.0&#8243; _module_preset=&#8221;default&#8221; global_colors_info=&#8221;{}&#8221;][et_pb_column type=&#8221;4_4&#8243; _builder_version=&#8221;4.20.0&#8243; _module_preset=&#8221;default&#8221; global_colors_info=&#8221;{}&#8221;][et_pb_text _builder_version=&#8221;4.20.0&#8243; _module_preset=&#8221;default&#8221; hover_enabled=&#8221;0&#8243; global_colors_info=&#8221;{}&#8221; sticky_enabled=&#8221;0&#8243;]<\/p>\n<h1 class=\"titular\">\u00bfQui\u00e9n era John Talabot?<\/h1>\n<p>[\/et_pb_text][\/et_pb_column][\/et_pb_row][et_pb_row _builder_version=&#8221;4.20.0&#8243; _module_preset=&#8221;default&#8221; global_colors_info=&#8221;{}&#8221;][et_pb_column type=&#8221;4_4&#8243; _builder_version=&#8221;4.20.0&#8243; _module_preset=&#8221;default&#8221; global_colors_info=&#8221;{}&#8221;][et_pb_text _builder_version=&#8221;4.20.0&#8243; _module_preset=&#8221;default&#8221; hover_enabled=&#8221;0&#8243; global_colors_info=&#8221;{}&#8221; sticky_enabled=&#8221;0&#8243;]<\/p>\n<p>El nombre John Talabot es de origen literario; es un personaje que probablemente existi\u00f3 en la realidad y que puso en contacto a dos culturas, la catalana y la inglesa, representadas respectivamente por Ram\u00f3n de Perell\u00f3s y Sir John Talabot.<\/p>\n<p>El personaje aparece en la novela medieval de Ram\u00f3n de Perell\u00f3s titulada Viatge al Purgatori de Sant Patrici. En ella, Sir John Talabot tiene la misi\u00f3n de hacer de traductor a Ram\u00f3n de Perell\u00f3s en su viaje a Dubl\u00edn. A partir de esta novela, Lope de Vega escribi\u00f3 El mayor prodigio o el purgatorio en vida y Calder\u00f3n de la Barca El Purgatorio de San Patricio.<\/p>\n<p>El nombre fue tomado por nuestra instituci\u00f3n por esa simb\u00f3lica uni\u00f3n de la cultura catalana y la inglesa. En tanto que nuestra cultura catalana goza de la riqueza que supone el biling\u00fcismo catal\u00e1n\/castellano, incorporamos a nuestra vida escolar la cultura inglesa gozando de una multiculturalidad que se basa en una vida escolar triling\u00fce: catal\u00e1n-castellano-ingl\u00e9s.<\/p>\n<p>Hay que a\u00f1adir que desde el a\u00f1o 2009 el DJ, productor y m\u00fasico electr\u00f3nico de fama internacional reconocida, Oriol Riverola, empez\u00f3 a utilizar el nombre del centro donde estudi\u00f3 en su honor y como pseud\u00f3nimo para su figura art\u00edstica.<\/p>\n<p><strong>El colegio John Talabot funciona con este proyecto triling\u00fce desde 1976.<\/strong><\/p>\n<p>[\/et_pb_text][\/et_pb_column][\/et_pb_row][\/et_pb_section]<\/p>\n","protected":false},"excerpt":{"rendered":"<p>\u00bfQui\u00e9n era John Talabot?El nombre John Talabot es de origen literario; es un personaje que probablemente existi\u00f3 en la realidad y que puso en contacto a dos culturas, la catalana [&hellip;]<\/p>\n","protected":false},"author":1,"featured_media":441,"parent":0,"menu_order":0,"comment_status":"closed","ping_status":"closed","template":"","meta":{"_et_pb_use_builder":"on","_et_pb_old_content":"","_et_gb_content_width":"","inline_featured_image":false,"footnotes":""},"class_list":["post-1118","page","type-page","status-publish","has-post-thumbnail","hentry"],"acf":[],"yoast_head":"<!-- This site is optimized with the Yoast SEO plugin v23.6 - https:\/\/yoast.com\/wordpress\/plugins\/seo\/ -->\n<title>\u00bfQui\u00e9n era John Talabot? - John Talabot School<\/title>\n<meta name=\"robots\" content=\"noindex, follow, max-snippet:-1, max-image-preview:large, max-video-preview:-1\" \/>\n<meta property=\"og:locale\" content=\"es_ES\" \/>\n<meta property=\"og:type\" content=\"article\" \/>\n<meta property=\"og:title\" content=\"\u00bfQui\u00e9n era John Talabot? - John Talabot School\" \/>\n<meta property=\"og:description\" content=\"\u00bfQui\u00e9n era John Talabot?El nombre John Talabot es de origen literario; es un personaje que probablemente existi\u00f3 en la realidad y que puso en contacto a dos culturas, la catalana [&hellip;]\" \/>\n<meta property=\"og:url\" content=\"https:\/\/pruebas.prodex-informatica.com\/parapruebas2021\/es\/quien-era-john-talabot\/\" \/>\n<meta property=\"og:site_name\" content=\"John Talabot School\" \/>\n<meta property=\"article:modified_time\" content=\"2023-04-07T15:51:52+00:00\" \/>\n<meta property=\"og:image\" content=\"https:\/\/pruebas.prodex-informatica.com\/parapruebas2021\/wp-content\/uploads\/2023\/03\/background-image3.webp\" \/>\n\t<meta property=\"og:image:width\" content=\"2000\" \/>\n\t<meta property=\"og:image:height\" content=\"746\" \/>\n\t<meta property=\"og:image:type\" content=\"image\/webp\" \/>\n<meta name=\"twitter:card\" content=\"summary_large_image\" \/>\n<meta name=\"twitter:label1\" content=\"Tiempo de lectura\" \/>\n\t<meta name=\"twitter:data1\" content=\"2 minutos\" \/>\n<script type=\"application\/ld+json\" class=\"yoast-schema-graph\">{\"@context\":\"https:\/\/schema.org\",\"@graph\":[{\"@type\":\"WebPage\",\"@id\":\"https:\/\/pruebas.prodex-informatica.com\/parapruebas2021\/es\/quien-era-john-talabot\/\",\"url\":\"https:\/\/pruebas.prodex-informatica.com\/parapruebas2021\/es\/quien-era-john-talabot\/\",\"name\":\"\u00bfQui\u00e9n era John Talabot? - John Talabot School\",\"isPartOf\":{\"@id\":\"https:\/\/pruebas.prodex-informatica.com\/parapruebas2021\/#website\"},\"primaryImageOfPage\":{\"@id\":\"https:\/\/pruebas.prodex-informatica.com\/parapruebas2021\/es\/quien-era-john-talabot\/#primaryimage\"},\"image\":{\"@id\":\"https:\/\/pruebas.prodex-informatica.com\/parapruebas2021\/es\/quien-era-john-talabot\/#primaryimage\"},\"thumbnailUrl\":\"https:\/\/pruebas.prodex-informatica.com\/parapruebas2021\/wp-content\/uploads\/2023\/03\/background-image3.webp\",\"datePublished\":\"2023-03-12T11:33:59+00:00\",\"dateModified\":\"2023-04-07T15:51:52+00:00\",\"breadcrumb\":{\"@id\":\"https:\/\/pruebas.prodex-informatica.com\/parapruebas2021\/es\/quien-era-john-talabot\/#breadcrumb\"},\"inLanguage\":\"es\",\"potentialAction\":[{\"@type\":\"ReadAction\",\"target\":[\"https:\/\/pruebas.prodex-informatica.com\/parapruebas2021\/es\/quien-era-john-talabot\/\"]}]},{\"@type\":\"ImageObject\",\"inLanguage\":\"es\",\"@id\":\"https:\/\/pruebas.prodex-informatica.com\/parapruebas2021\/es\/quien-era-john-talabot\/#primaryimage\",\"url\":\"https:\/\/pruebas.prodex-informatica.com\/parapruebas2021\/wp-content\/uploads\/2023\/03\/background-image3.webp\",\"contentUrl\":\"https:\/\/pruebas.prodex-informatica.com\/parapruebas2021\/wp-content\/uploads\/2023\/03\/background-image3.webp\",\"width\":2000,\"height\":746},{\"@type\":\"BreadcrumbList\",\"@id\":\"https:\/\/pruebas.prodex-informatica.com\/parapruebas2021\/es\/quien-era-john-talabot\/#breadcrumb\",\"itemListElement\":[{\"@type\":\"ListItem\",\"position\":1,\"name\":\"Home\",\"item\":\"https:\/\/pruebas.prodex-informatica.com\/parapruebas2021\/\"},{\"@type\":\"ListItem\",\"position\":2,\"name\":\"\u00bfQui\u00e9n era John Talabot?\"}]},{\"@type\":\"WebSite\",\"@id\":\"https:\/\/pruebas.prodex-informatica.com\/parapruebas2021\/#website\",\"url\":\"https:\/\/pruebas.prodex-informatica.com\/parapruebas2021\/\",\"name\":\"John Talabot School\",\"description\":\"\",\"publisher\":{\"@id\":\"https:\/\/pruebas.prodex-informatica.com\/parapruebas2021\/#organization\"},\"potentialAction\":[{\"@type\":\"SearchAction\",\"target\":{\"@type\":\"EntryPoint\",\"urlTemplate\":\"https:\/\/pruebas.prodex-informatica.com\/parapruebas2021\/?s={search_term_string}\"},\"query-input\":{\"@type\":\"PropertyValueSpecification\",\"valueRequired\":true,\"valueName\":\"search_term_string\"}}],\"inLanguage\":\"es\"},{\"@type\":\"Organization\",\"@id\":\"https:\/\/pruebas.prodex-informatica.com\/parapruebas2021\/#organization\",\"name\":\"John Talabot School Barcelona\",\"alternateName\":\"John Talabot\",\"url\":\"https:\/\/pruebas.prodex-informatica.com\/parapruebas2021\/\",\"logo\":{\"@type\":\"ImageObject\",\"inLanguage\":\"es\",\"@id\":\"https:\/\/pruebas.prodex-informatica.com\/parapruebas2021\/#\/schema\/logo\/image\/\",\"url\":\"https:\/\/pruebas.prodex-informatica.com\/parapruebas2021\/wp-content\/uploads\/2023\/03\/john-talabol-logo-q.webp\",\"contentUrl\":\"https:\/\/pruebas.prodex-informatica.com\/parapruebas2021\/wp-content\/uploads\/2023\/03\/john-talabol-logo-q.webp\",\"width\":550,\"height\":550,\"caption\":\"John Talabot School Barcelona\"},\"image\":{\"@id\":\"https:\/\/pruebas.prodex-informatica.com\/parapruebas2021\/#\/schema\/logo\/image\/\"}}]}<\/script>\n<!-- \/ Yoast SEO plugin. -->","yoast_head_json":{"title":"\u00bfQui\u00e9n era John Talabot? - John Talabot School","robots":{"index":"noindex","follow":"follow","max-snippet":"max-snippet:-1","max-image-preview":"max-image-preview:large","max-video-preview":"max-video-preview:-1"},"og_locale":"es_ES","og_type":"article","og_title":"\u00bfQui\u00e9n era John Talabot? - John Talabot School","og_description":"\u00bfQui\u00e9n era John Talabot?El nombre John Talabot es de origen literario; es un personaje que probablemente existi\u00f3 en la realidad y que puso en contacto a dos culturas, la catalana [&hellip;]","og_url":"https:\/\/pruebas.prodex-informatica.com\/parapruebas2021\/es\/quien-era-john-talabot\/","og_site_name":"John Talabot School","article_modified_time":"2023-04-07T15:51:52+00:00","og_image":[{"width":2000,"height":746,"url":"https:\/\/pruebas.prodex-informatica.com\/parapruebas2021\/wp-content\/uploads\/2023\/03\/background-image3.webp","type":"image\/webp"}],"twitter_card":"summary_large_image","twitter_misc":{"Tiempo de lectura":"2 minutos"},"schema":{"@context":"https:\/\/schema.org","@graph":[{"@type":"WebPage","@id":"https:\/\/pruebas.prodex-informatica.com\/parapruebas2021\/es\/quien-era-john-talabot\/","url":"https:\/\/pruebas.prodex-informatica.com\/parapruebas2021\/es\/quien-era-john-talabot\/","name":"\u00bfQui\u00e9n era John Talabot? - John Talabot School","isPartOf":{"@id":"https:\/\/pruebas.prodex-informatica.com\/parapruebas2021\/#website"},"primaryImageOfPage":{"@id":"https:\/\/pruebas.prodex-informatica.com\/parapruebas2021\/es\/quien-era-john-talabot\/#primaryimage"},"image":{"@id":"https:\/\/pruebas.prodex-informatica.com\/parapruebas2021\/es\/quien-era-john-talabot\/#primaryimage"},"thumbnailUrl":"https:\/\/pruebas.prodex-informatica.com\/parapruebas2021\/wp-content\/uploads\/2023\/03\/background-image3.webp","datePublished":"2023-03-12T11:33:59+00:00","dateModified":"2023-04-07T15:51:52+00:00","breadcrumb":{"@id":"https:\/\/pruebas.prodex-informatica.com\/parapruebas2021\/es\/quien-era-john-talabot\/#breadcrumb"},"inLanguage":"es","potentialAction":[{"@type":"ReadAction","target":["https:\/\/pruebas.prodex-informatica.com\/parapruebas2021\/es\/quien-era-john-talabot\/"]}]},{"@type":"ImageObject","inLanguage":"es","@id":"https:\/\/pruebas.prodex-informatica.com\/parapruebas2021\/es\/quien-era-john-talabot\/#primaryimage","url":"https:\/\/pruebas.prodex-informatica.com\/parapruebas2021\/wp-content\/uploads\/2023\/03\/background-image3.webp","contentUrl":"https:\/\/pruebas.prodex-informatica.com\/parapruebas2021\/wp-content\/uploads\/2023\/03\/background-image3.webp","width":2000,"height":746},{"@type":"BreadcrumbList","@id":"https:\/\/pruebas.prodex-informatica.com\/parapruebas2021\/es\/quien-era-john-talabot\/#breadcrumb","itemListElement":[{"@type":"ListItem","position":1,"name":"Home","item":"https:\/\/pruebas.prodex-informatica.com\/parapruebas2021\/"},{"@type":"ListItem","position":2,"name":"\u00bfQui\u00e9n era John Talabot?"}]},{"@type":"WebSite","@id":"https:\/\/pruebas.prodex-informatica.com\/parapruebas2021\/#website","url":"https:\/\/pruebas.prodex-informatica.com\/parapruebas2021\/","name":"John Talabot School","description":"","publisher":{"@id":"https:\/\/pruebas.prodex-informatica.com\/parapruebas2021\/#organization"},"potentialAction":[{"@type":"SearchAction","target":{"@type":"EntryPoint","urlTemplate":"https:\/\/pruebas.prodex-informatica.com\/parapruebas2021\/?s={search_term_string}"},"query-input":{"@type":"PropertyValueSpecification","valueRequired":true,"valueName":"search_term_string"}}],"inLanguage":"es"},{"@type":"Organization","@id":"https:\/\/pruebas.prodex-informatica.com\/parapruebas2021\/#organization","name":"John Talabot School Barcelona","alternateName":"John Talabot","url":"https:\/\/pruebas.prodex-informatica.com\/parapruebas2021\/","logo":{"@type":"ImageObject","inLanguage":"es","@id":"https:\/\/pruebas.prodex-informatica.com\/parapruebas2021\/#\/schema\/logo\/image\/","url":"https:\/\/pruebas.prodex-informatica.com\/parapruebas2021\/wp-content\/uploads\/2023\/03\/john-talabol-logo-q.webp","contentUrl":"https:\/\/pruebas.prodex-informatica.com\/parapruebas2021\/wp-content\/uploads\/2023\/03\/john-talabol-logo-q.webp","width":550,"height":550,"caption":"John Talabot School Barcelona"},"image":{"@id":"https:\/\/pruebas.prodex-informatica.com\/parapruebas2021\/#\/schema\/logo\/image\/"}}]}},"_links":{"self":[{"href":"https:\/\/pruebas.prodex-informatica.com\/parapruebas2021\/es\/wp-json\/wp\/v2\/pages\/1118","targetHints":{"allow":["GET"]}}],"collection":[{"href":"https:\/\/pruebas.prodex-informatica.com\/parapruebas2021\/es\/wp-json\/wp\/v2\/pages"}],"about":[{"href":"https:\/\/pruebas.prodex-informatica.com\/parapruebas2021\/es\/wp-json\/wp\/v2\/types\/page"}],"author":[{"embeddable":true,"href":"https:\/\/pruebas.prodex-informatica.com\/parapruebas2021\/es\/wp-json\/wp\/v2\/users\/1"}],"replies":[{"embeddable":true,"href":"https:\/\/pruebas.prodex-informatica.com\/parapruebas2021\/es\/wp-json\/wp\/v2\/comments?post=1118"}],"version-history":[{"count":2,"href":"https:\/\/pruebas.prodex-informatica.com\/parapruebas2021\/es\/wp-json\/wp\/v2\/pages\/1118\/revisions"}],"predecessor-version":[{"id":1148,"href":"https:\/\/pruebas.prodex-informatica.com\/parapruebas2021\/es\/wp-json\/wp\/v2\/pages\/1118\/revisions\/1148"}],"wp:featuredmedia":[{"embeddable":true,"href":"https:\/\/pruebas.prodex-informatica.com\/parapruebas2021\/es\/wp-json\/wp\/v2\/media\/441"}],"wp:attachment":[{"href":"https:\/\/pruebas.prodex-informatica.com\/parapruebas2021\/es\/wp-json\/wp\/v2\/media?parent=1118"}],"curies":[{"name":"wp","href":"https:\/\/api.w.org\/{rel}","templated":true}]}}