{"id":1082,"date":"2023-03-19T20:59:44","date_gmt":"2023-03-19T18:59:44","guid":{"rendered":"https:\/\/pruebas.prodex-informatica.com\/parapruebas2021\/lunch-room\/"},"modified":"2024-02-27T22:30:28","modified_gmt":"2024-02-27T20:30:28","slug":"comedor","status":"publish","type":"page","link":"https:\/\/pruebas.prodex-informatica.com\/parapruebas2021\/es\/comedor\/","title":{"rendered":"Comedor"},"content":{"rendered":"<p>[et_pb_section fb_built=&#8221;1&#8243; _builder_version=&#8221;4.20.0&#8243; _module_preset=&#8221;default&#8221; global_colors_info=&#8221;{}&#8221;][et_pb_row _builder_version=&#8221;4.20.0&#8243; _module_preset=&#8221;default&#8221; global_colors_info=&#8221;{}&#8221;][et_pb_column type=&#8221;4_4&#8243; _builder_version=&#8221;4.20.0&#8243; _module_preset=&#8221;default&#8221; global_colors_info=&#8221;{}&#8221;][et_pb_text _builder_version=&#8221;4.20.0&#8243; _module_preset=&#8221;default&#8221; global_colors_info=&#8221;{}&#8221;]<\/p>\n<h1>Comedor<\/h1>\n<p>Nuestro servicio de comedor cuida por ofrecer a nuestro alumnado una dieta saludable y equilibrada.<\/p>\n<p>Es un servicio de cocina de gesti\u00f3n propia que trabaja con proveedores de primeras marcas priorizando la proximidad y temporada del producto.<\/p>\n<p>Nuestras cocineras Montse, Neus y Juani, desde hace m\u00e1s de 25 a\u00f1os, preparan men\u00fas con el sistema de elaboraci\u00f3n tradicional.<\/p>\n<p>El trabajo en valores es fundamental en el \u00e1mbito del comedor donde ense\u00f1amos la importancia en llevar una dieta saludable as\u00ed como fomentar los buenos h\u00e1bitos y buenas maneras en la mesa, siempre acompa\u00f1ados de su profesorado.<\/p>\n<p>[\/et_pb_text][et_pb_text content_last_edited=&#8221;off|desktop&#8221; _builder_version=&#8221;4.20.4&#8243; _module_preset=&#8221;default&#8221; hover_enabled=&#8221;0&#8243; global_module=&#8221;973&#8243; saved_tabs=&#8221;all&#8221; global_colors_info=&#8221;{}&#8221; sticky_enabled=&#8221;0&#8243;]<a href=\"https:\/\/pruebas.prodex-informatica.com\/parapruebas2021\/wp-content\/uploads\/2024\/02\/menuMAR.pdf\" class=\"btn-icona mes\" target=\"_blank\" rel=\"noopener\">Men\u00fa de marzo<\/a><\/p>\n<p><a href=\"https:\/\/pruebas.prodex-informatica.com\/parapruebas2021\/wp-content\/uploads\/2024\/02\/menucelMAR.pdf\" class=\"btn-icona mes\" target=\"_blank\" rel=\"noopener\">Men\u00fa de marzo para cel\u00edacos<\/a><\/p>\n<p><a href=\"#\" class=\"btn-icona mes\">Recomendaciones<\/a>[\/et_pb_text][\/et_pb_column][\/et_pb_row][\/et_pb_section]<\/p>\n","protected":false},"excerpt":{"rendered":"<p>Comedor Nuestro servicio de comedor cuida por ofrecer a nuestro alumnado una dieta saludable y equilibrada. Es un servicio de cocina de gesti\u00f3n propia que trabaja con proveedores de primeras [&hellip;]<\/p>\n","protected":false},"author":1,"featured_media":3075,"parent":0,"menu_order":0,"comment_status":"closed","ping_status":"closed","template":"","meta":{"_et_pb_use_builder":"on","_et_pb_old_content":"","_et_gb_content_width":"","inline_featured_image":false,"footnotes":""},"class_list":["post-1082","page","type-page","status-publish","has-post-thumbnail","hentry"],"acf":[],"yoast_head":"<!-- This site is optimized with the Yoast SEO plugin v23.6 - https:\/\/yoast.com\/wordpress\/plugins\/seo\/ -->\n<title>Comedor - John Talabot School<\/title>\n<meta name=\"robots\" content=\"noindex, follow, max-snippet:-1, max-image-preview:large, max-video-preview:-1\" \/>\n<meta property=\"og:locale\" content=\"es_ES\" \/>\n<meta property=\"og:type\" content=\"article\" \/>\n<meta property=\"og:title\" content=\"Comedor - John Talabot School\" \/>\n<meta property=\"og:description\" content=\"Comedor Nuestro servicio de comedor cuida por ofrecer a nuestro alumnado una dieta saludable y equilibrada. Es un servicio de cocina de gesti\u00f3n propia que trabaja con proveedores de primeras [&hellip;]\" \/>\n<meta property=\"og:url\" content=\"https:\/\/pruebas.prodex-informatica.com\/parapruebas2021\/lunch-room\/\" \/>\n<meta property=\"og:site_name\" content=\"John Talabot School\" \/>\n<meta property=\"article:modified_time\" content=\"2024-02-27T20:30:28+00:00\" \/>\n<meta property=\"og:image\" content=\"https:\/\/pruebas.prodex-informatica.com\/parapruebas2021\/wp-content\/uploads\/2023\/11\/IMG_9428-scaled.jpg\" \/>\n\t<meta property=\"og:image:width\" content=\"2560\" \/>\n\t<meta property=\"og:image:height\" content=\"654\" \/>\n\t<meta property=\"og:image:type\" content=\"image\/jpeg\" \/>\n<meta name=\"twitter:card\" content=\"summary_large_image\" \/>\n<script type=\"application\/ld+json\" class=\"yoast-schema-graph\">{\"@context\":\"https:\/\/schema.org\",\"@graph\":[{\"@type\":\"WebPage\",\"@id\":\"https:\/\/pruebas.prodex-informatica.com\/parapruebas2021\/lunch-room\/\",\"url\":\"https:\/\/pruebas.prodex-informatica.com\/parapruebas2021\/lunch-room\/\",\"name\":\"Comedor - John Talabot School\",\"isPartOf\":{\"@id\":\"https:\/\/pruebas.prodex-informatica.com\/parapruebas2021\/#website\"},\"primaryImageOfPage\":{\"@id\":\"https:\/\/pruebas.prodex-informatica.com\/parapruebas2021\/lunch-room\/#primaryimage\"},\"image\":{\"@id\":\"https:\/\/pruebas.prodex-informatica.com\/parapruebas2021\/lunch-room\/#primaryimage\"},\"thumbnailUrl\":\"https:\/\/pruebas.prodex-informatica.com\/parapruebas2021\/wp-content\/uploads\/2024\/07\/cuina2.jpg\",\"datePublished\":\"2023-03-19T18:59:44+00:00\",\"dateModified\":\"2024-02-27T20:30:28+00:00\",\"breadcrumb\":{\"@id\":\"https:\/\/pruebas.prodex-informatica.com\/parapruebas2021\/lunch-room\/#breadcrumb\"},\"inLanguage\":\"es\",\"potentialAction\":[{\"@type\":\"ReadAction\",\"target\":[\"https:\/\/pruebas.prodex-informatica.com\/parapruebas2021\/lunch-room\/\"]}]},{\"@type\":\"ImageObject\",\"inLanguage\":\"es\",\"@id\":\"https:\/\/pruebas.prodex-informatica.com\/parapruebas2021\/lunch-room\/#primaryimage\",\"url\":\"https:\/\/pruebas.prodex-informatica.com\/parapruebas2021\/wp-content\/uploads\/2024\/07\/cuina2.jpg\",\"contentUrl\":\"https:\/\/pruebas.prodex-informatica.com\/parapruebas2021\/wp-content\/uploads\/2024\/07\/cuina2.jpg\",\"width\":2000,\"height\":746},{\"@type\":\"BreadcrumbList\",\"@id\":\"https:\/\/pruebas.prodex-informatica.com\/parapruebas2021\/lunch-room\/#breadcrumb\",\"itemListElement\":[{\"@type\":\"ListItem\",\"position\":1,\"name\":\"Home\",\"item\":\"https:\/\/pruebas.prodex-informatica.com\/parapruebas2021\/\"},{\"@type\":\"ListItem\",\"position\":2,\"name\":\"Comedor\"}]},{\"@type\":\"WebSite\",\"@id\":\"https:\/\/pruebas.prodex-informatica.com\/parapruebas2021\/#website\",\"url\":\"https:\/\/pruebas.prodex-informatica.com\/parapruebas2021\/\",\"name\":\"John Talabot School\",\"description\":\"\",\"publisher\":{\"@id\":\"https:\/\/pruebas.prodex-informatica.com\/parapruebas2021\/#organization\"},\"potentialAction\":[{\"@type\":\"SearchAction\",\"target\":{\"@type\":\"EntryPoint\",\"urlTemplate\":\"https:\/\/pruebas.prodex-informatica.com\/parapruebas2021\/?s={search_term_string}\"},\"query-input\":{\"@type\":\"PropertyValueSpecification\",\"valueRequired\":true,\"valueName\":\"search_term_string\"}}],\"inLanguage\":\"es\"},{\"@type\":\"Organization\",\"@id\":\"https:\/\/pruebas.prodex-informatica.com\/parapruebas2021\/#organization\",\"name\":\"John Talabot School Barcelona\",\"alternateName\":\"John Talabot\",\"url\":\"https:\/\/pruebas.prodex-informatica.com\/parapruebas2021\/\",\"logo\":{\"@type\":\"ImageObject\",\"inLanguage\":\"es\",\"@id\":\"https:\/\/pruebas.prodex-informatica.com\/parapruebas2021\/#\/schema\/logo\/image\/\",\"url\":\"https:\/\/pruebas.prodex-informatica.com\/parapruebas2021\/wp-content\/uploads\/2023\/03\/john-talabol-logo-q.webp\",\"contentUrl\":\"https:\/\/pruebas.prodex-informatica.com\/parapruebas2021\/wp-content\/uploads\/2023\/03\/john-talabol-logo-q.webp\",\"width\":550,\"height\":550,\"caption\":\"John Talabot School Barcelona\"},\"image\":{\"@id\":\"https:\/\/pruebas.prodex-informatica.com\/parapruebas2021\/#\/schema\/logo\/image\/\"}}]}<\/script>\n<!-- \/ Yoast SEO plugin. -->","yoast_head_json":{"title":"Comedor - John Talabot School","robots":{"index":"noindex","follow":"follow","max-snippet":"max-snippet:-1","max-image-preview":"max-image-preview:large","max-video-preview":"max-video-preview:-1"},"og_locale":"es_ES","og_type":"article","og_title":"Comedor - John Talabot School","og_description":"Comedor Nuestro servicio de comedor cuida por ofrecer a nuestro alumnado una dieta saludable y equilibrada. Es un servicio de cocina de gesti\u00f3n propia que trabaja con proveedores de primeras [&hellip;]","og_url":"https:\/\/pruebas.prodex-informatica.com\/parapruebas2021\/lunch-room\/","og_site_name":"John Talabot School","article_modified_time":"2024-02-27T20:30:28+00:00","og_image":[{"width":2560,"height":654,"url":"https:\/\/pruebas.prodex-informatica.com\/parapruebas2021\/wp-content\/uploads\/2023\/11\/IMG_9428-scaled.jpg","type":"image\/jpeg"}],"twitter_card":"summary_large_image","schema":{"@context":"https:\/\/schema.org","@graph":[{"@type":"WebPage","@id":"https:\/\/pruebas.prodex-informatica.com\/parapruebas2021\/lunch-room\/","url":"https:\/\/pruebas.prodex-informatica.com\/parapruebas2021\/lunch-room\/","name":"Comedor - John Talabot School","isPartOf":{"@id":"https:\/\/pruebas.prodex-informatica.com\/parapruebas2021\/#website"},"primaryImageOfPage":{"@id":"https:\/\/pruebas.prodex-informatica.com\/parapruebas2021\/lunch-room\/#primaryimage"},"image":{"@id":"https:\/\/pruebas.prodex-informatica.com\/parapruebas2021\/lunch-room\/#primaryimage"},"thumbnailUrl":"https:\/\/pruebas.prodex-informatica.com\/parapruebas2021\/wp-content\/uploads\/2024\/07\/cuina2.jpg","datePublished":"2023-03-19T18:59:44+00:00","dateModified":"2024-02-27T20:30:28+00:00","breadcrumb":{"@id":"https:\/\/pruebas.prodex-informatica.com\/parapruebas2021\/lunch-room\/#breadcrumb"},"inLanguage":"es","potentialAction":[{"@type":"ReadAction","target":["https:\/\/pruebas.prodex-informatica.com\/parapruebas2021\/lunch-room\/"]}]},{"@type":"ImageObject","inLanguage":"es","@id":"https:\/\/pruebas.prodex-informatica.com\/parapruebas2021\/lunch-room\/#primaryimage","url":"https:\/\/pruebas.prodex-informatica.com\/parapruebas2021\/wp-content\/uploads\/2024\/07\/cuina2.jpg","contentUrl":"https:\/\/pruebas.prodex-informatica.com\/parapruebas2021\/wp-content\/uploads\/2024\/07\/cuina2.jpg","width":2000,"height":746},{"@type":"BreadcrumbList","@id":"https:\/\/pruebas.prodex-informatica.com\/parapruebas2021\/lunch-room\/#breadcrumb","itemListElement":[{"@type":"ListItem","position":1,"name":"Home","item":"https:\/\/pruebas.prodex-informatica.com\/parapruebas2021\/"},{"@type":"ListItem","position":2,"name":"Comedor"}]},{"@type":"WebSite","@id":"https:\/\/pruebas.prodex-informatica.com\/parapruebas2021\/#website","url":"https:\/\/pruebas.prodex-informatica.com\/parapruebas2021\/","name":"John Talabot School","description":"","publisher":{"@id":"https:\/\/pruebas.prodex-informatica.com\/parapruebas2021\/#organization"},"potentialAction":[{"@type":"SearchAction","target":{"@type":"EntryPoint","urlTemplate":"https:\/\/pruebas.prodex-informatica.com\/parapruebas2021\/?s={search_term_string}"},"query-input":{"@type":"PropertyValueSpecification","valueRequired":true,"valueName":"search_term_string"}}],"inLanguage":"es"},{"@type":"Organization","@id":"https:\/\/pruebas.prodex-informatica.com\/parapruebas2021\/#organization","name":"John Talabot School Barcelona","alternateName":"John Talabot","url":"https:\/\/pruebas.prodex-informatica.com\/parapruebas2021\/","logo":{"@type":"ImageObject","inLanguage":"es","@id":"https:\/\/pruebas.prodex-informatica.com\/parapruebas2021\/#\/schema\/logo\/image\/","url":"https:\/\/pruebas.prodex-informatica.com\/parapruebas2021\/wp-content\/uploads\/2023\/03\/john-talabol-logo-q.webp","contentUrl":"https:\/\/pruebas.prodex-informatica.com\/parapruebas2021\/wp-content\/uploads\/2023\/03\/john-talabol-logo-q.webp","width":550,"height":550,"caption":"John Talabot School Barcelona"},"image":{"@id":"https:\/\/pruebas.prodex-informatica.com\/parapruebas2021\/#\/schema\/logo\/image\/"}}]}},"_links":{"self":[{"href":"https:\/\/pruebas.prodex-informatica.com\/parapruebas2021\/es\/wp-json\/wp\/v2\/pages\/1082","targetHints":{"allow":["GET"]}}],"collection":[{"href":"https:\/\/pruebas.prodex-informatica.com\/parapruebas2021\/es\/wp-json\/wp\/v2\/pages"}],"about":[{"href":"https:\/\/pruebas.prodex-informatica.com\/parapruebas2021\/es\/wp-json\/wp\/v2\/types\/page"}],"author":[{"embeddable":true,"href":"https:\/\/pruebas.prodex-informatica.com\/parapruebas2021\/es\/wp-json\/wp\/v2\/users\/1"}],"replies":[{"embeddable":true,"href":"https:\/\/pruebas.prodex-informatica.com\/parapruebas2021\/es\/wp-json\/wp\/v2\/comments?post=1082"}],"version-history":[{"count":4,"href":"https:\/\/pruebas.prodex-informatica.com\/parapruebas2021\/es\/wp-json\/wp\/v2\/pages\/1082\/revisions"}],"predecessor-version":[{"id":2015,"href":"https:\/\/pruebas.prodex-informatica.com\/parapruebas2021\/es\/wp-json\/wp\/v2\/pages\/1082\/revisions\/2015"}],"wp:featuredmedia":[{"embeddable":true,"href":"https:\/\/pruebas.prodex-informatica.com\/parapruebas2021\/es\/wp-json\/wp\/v2\/media\/3075"}],"wp:attachment":[{"href":"https:\/\/pruebas.prodex-informatica.com\/parapruebas2021\/es\/wp-json\/wp\/v2\/media?parent=1082"}],"curies":[{"name":"wp","href":"https:\/\/api.w.org\/{rel}","templated":true}]}}