{"id":3327,"date":"2024-09-14T11:22:16","date_gmt":"2024-09-14T09:22:16","guid":{"rendered":"https:\/\/pruebas.prodex-informatica.com\/parapruebas2021\/extracurricular-activities\/"},"modified":"2024-09-30T12:04:56","modified_gmt":"2024-09-30T10:04:56","slug":"activitats-extraescolars","status":"publish","type":"page","link":"https:\/\/pruebas.prodex-informatica.com\/parapruebas2021\/ca\/activitats-extraescolars\/","title":{"rendered":"Activitats extraescolars"},"content":{"rendered":"<p>[et_pb_section fb_built=&#8221;1&#8243; _builder_version=&#8221;4.20.0&#8243; _module_preset=&#8221;default&#8221; custom_margin=&#8221;0px||||false|false&#8221; custom_padding=&#8221;0px||||false|false&#8221; global_colors_info=&#8221;{}&#8221;][et_pb_row _builder_version=&#8221;4.20.0&#8243; _module_preset=&#8221;default&#8221; custom_padding=&#8221;||0px||false|false&#8221; global_colors_info=&#8221;{}&#8221;][et_pb_column type=&#8221;4_4&#8243; _builder_version=&#8221;4.20.0&#8243; _module_preset=&#8221;default&#8221; global_colors_info=&#8221;{}&#8221;][et_pb_text _builder_version=&#8221;4.20.4&#8243; _module_preset=&#8221;default&#8221; hover_enabled=&#8221;0&#8243; global_colors_info=&#8221;{}&#8221; sticky_enabled=&#8221;0&#8243;]<\/p>\n<h1 class=\"titular\">Activitats Extraescolars al centre<\/h1>\n<p>[\/et_pb_text][et_pb_text _builder_version=&#8221;4.27.0&#8243; _module_preset=&#8221;default&#8221; hover_enabled=&#8221;0&#8243; global_colors_info=&#8221;{}&#8221; custom_css_main_element_last_edited=&#8221;on|phone&#8221; custom_css_main_element_phone=&#8221;column-count: 1;&#8221; custom_css_main_element_tablet=&#8221;column-count: 2;&#8221; sticky_enabled=&#8221;0&#8243;]Involucrar-se en activitats extraescolars \u00e9s vital per al desenvolupament integral dels estudiants, ja que nodreix habilitats m\u00e9s enll\u00e0 de l&#8217;\u00e0mbit acad\u00e8mic. Aquestes proporcionen vies per a l&#8217;autodescobriment, l&#8217;exploraci\u00f3 de passions i una educaci\u00f3 integral que s&#8217;est\u00e9n m\u00e9s enll\u00e0 dels l\u00edmits de l&#8217;aula.<\/p>\n<p>El nostre treball a l&#8217;etapa de Prim\u00e0ria \u00e9s aconseguir els seg\u00fcents objectius:[\/et_pb_text][\/et_pb_column][\/et_pb_row][et_pb_row column_structure=&#8221;1_4,1_4,1_4,1_4&#8243; _builder_version=&#8221;4.20.0&#8243; _module_preset=&#8221;default&#8221; global_colors_info=&#8221;{}&#8221;][et_pb_column type=&#8221;1_4&#8243; _builder_version=&#8221;4.20.0&#8243; _module_preset=&#8221;default&#8221; global_colors_info=&#8221;{}&#8221;][et_pb_text _builder_version=&#8221;4.27.0&#8243; _module_preset=&#8221;default&#8221; global_colors_info=&#8221;{}&#8221;]Dansa \/ hip-*hop[\/et_pb_text][et_pb_text module_class=&#8221;caixa fons-taronja enumeracio&#8221; _builder_version=&#8221;4.20.4&#8243; _module_preset=&#8221;default&#8221; animation_style=&#8221;slide&#8221; animation_direction=&#8221;bottom&#8221; animation_duration=&#8221;500ms&#8221; animation_delay=&#8221;200ms&#8221; global_colors_info=&#8221;{}&#8221;]<\/p>\n<p><img loading=\"lazy\" decoding=\"async\" src=\"https:\/\/pruebas.prodex-informatica.com\/parapruebas2021\/wp-content\/uploads\/2024\/03\/dansa-ico.svg\" width=\"300\" height=\"300\" alt=\"\" class=\"wp-image-2051 alignnone size-medium\" \/><\/p>\n<p>[\/et_pb_text][\/et_pb_column][et_pb_column type=&#8221;1_4&#8243; _builder_version=&#8221;4.20.0&#8243; _module_preset=&#8221;default&#8221; global_colors_info=&#8221;{}&#8221;][et_pb_text _builder_version=&#8221;4.27.0&#8243; _module_preset=&#8221;default&#8221; global_colors_info=&#8221;{}&#8221;]Arts esc\u00e8niques\/cant[\/et_pb_text][et_pb_text module_class=&#8221;caixa fons-vermell enumeracio&#8221; _builder_version=&#8221;4.20.4&#8243; _module_preset=&#8221;default&#8221; animation_style=&#8221;slide&#8221; animation_direction=&#8221;bottom&#8221; animation_duration=&#8221;500ms&#8221; animation_delay=&#8221;400ms&#8221; global_colors_info=&#8221;{}&#8221;]<\/p>\n<p><img loading=\"lazy\" decoding=\"async\" src=\"https:\/\/pruebas.prodex-informatica.com\/parapruebas2021\/wp-content\/uploads\/2024\/03\/teatre-ico.svg\" width=\"300\" height=\"300\" alt=\"\" class=\"wp-image-2060 alignnone size-medium\" \/><\/p>\n<p>[\/et_pb_text][\/et_pb_column][et_pb_column type=&#8221;1_4&#8243; _builder_version=&#8221;4.20.0&#8243; _module_preset=&#8221;default&#8221; global_colors_info=&#8221;{}&#8221;][et_pb_text _builder_version=&#8221;4.27.0&#8243; _module_preset=&#8221;default&#8221; global_colors_info=&#8221;{}&#8221;]Futbol[\/et_pb_text][et_pb_text module_class=&#8221;caixa fons-blau enumeracio&#8221; _builder_version=&#8221;4.20.4&#8243; _module_preset=&#8221;default&#8221; animation_style=&#8221;slide&#8221; animation_direction=&#8221;bottom&#8221; animation_duration=&#8221;500ms&#8221; animation_delay=&#8221;300ms&#8221; global_colors_info=&#8221;{}&#8221;]<\/p>\n<p><img loading=\"lazy\" decoding=\"async\" src=\"https:\/\/pruebas.prodex-informatica.com\/parapruebas2021\/wp-content\/uploads\/2024\/03\/esports-equip-ico.svg\" width=\"300\" height=\"300\" alt=\"\" class=\"wp-image-2072 alignnone size-medium\" \/><\/p>\n<p>[\/et_pb_text][\/et_pb_column][et_pb_column type=&#8221;1_4&#8243; _builder_version=&#8221;4.20.0&#8243; _module_preset=&#8221;default&#8221; global_colors_info=&#8221;{}&#8221;][et_pb_text _builder_version=&#8221;4.27.0&#8243; _module_preset=&#8221;default&#8221; global_colors_info=&#8221;{}&#8221;]M\u00fasica: piano, guitarra, violin[\/et_pb_text][et_pb_text module_class=&#8221;caixa fons-verd enumeracio&#8221; _builder_version=&#8221;4.20.4&#8243; _module_preset=&#8221;default&#8221; animation_style=&#8221;slide&#8221; animation_direction=&#8221;bottom&#8221; animation_duration=&#8221;500ms&#8221; animation_delay=&#8221;300ms&#8221; global_colors_info=&#8221;{}&#8221;]<\/p>\n<p><img loading=\"lazy\" decoding=\"async\" src=\"https:\/\/pruebas.prodex-informatica.com\/parapruebas2021\/wp-content\/uploads\/2024\/03\/musica-ico.svg\" width=\"300\" height=\"300\" alt=\"\" class=\"wp-image-2057 alignnone size-medium\" \/><\/p>\n<p>[\/et_pb_text][\/et_pb_column][\/et_pb_row][et_pb_row column_structure=&#8221;1_4,1_4,1_4,1_4&#8243; _builder_version=&#8221;4.20.0&#8243; _module_preset=&#8221;default&#8221; global_colors_info=&#8221;{}&#8221;][et_pb_column type=&#8221;1_4&#8243; _builder_version=&#8221;4.20.0&#8243; _module_preset=&#8221;default&#8221; global_colors_info=&#8221;{}&#8221;][et_pb_text _builder_version=&#8221;4.27.0&#8243; _module_preset=&#8221;default&#8221; global_colors_info=&#8221;{}&#8221;]Escola idiomas: franc\u00e8s\/alemany[\/et_pb_text][et_pb_text module_class=&#8221;caixa fons-taronja enumeracio&#8221; _builder_version=&#8221;4.20.4&#8243; _module_preset=&#8221;default&#8221; animation_style=&#8221;slide&#8221; animation_direction=&#8221;bottom&#8221; animation_duration=&#8221;500ms&#8221; animation_delay=&#8221;200ms&#8221; global_colors_info=&#8221;{}&#8221;]<\/p>\n<p><img loading=\"lazy\" decoding=\"async\" src=\"https:\/\/pruebas.prodex-informatica.com\/parapruebas2021\/wp-content\/uploads\/2024\/03\/tecnologia-ico.svg\" width=\"300\" height=\"300\" alt=\"\" class=\"wp-image-2063 alignnone size-medium\" \/><\/p>\n<p>[\/et_pb_text][\/et_pb_column][et_pb_column type=&#8221;1_4&#8243; _builder_version=&#8221;4.20.0&#8243; _module_preset=&#8221;default&#8221; global_colors_info=&#8221;{}&#8221;][et_pb_text _builder_version=&#8221;4.27.0&#8243; _module_preset=&#8221;default&#8221; global_colors_info=&#8221;{}&#8221;]Escacs[\/et_pb_text][et_pb_text module_class=&#8221;caixa fons-vermell&#8221; _builder_version=&#8221;4.20.4&#8243; _module_preset=&#8221;default&#8221; animation_style=&#8221;slide&#8221; animation_direction=&#8221;bottom&#8221; animation_duration=&#8221;500ms&#8221; global_colors_info=&#8221;{}&#8221;]<img loading=\"lazy\" decoding=\"async\" src=\"https:\/\/pruebas.prodex-informatica.com\/parapruebas2021\/wp-content\/uploads\/2024\/03\/escacs-ico.svg\" width=\"300\" height=\"300\" alt=\"\" class=\"wp-image-2054 alignnone size-medium\" \/>[\/et_pb_text][\/et_pb_column][et_pb_column type=&#8221;1_4&#8243; _builder_version=&#8221;4.20.0&#8243; _module_preset=&#8221;default&#8221; global_colors_info=&#8221;{}&#8221;][et_pb_text _builder_version=&#8221;4.27.0&#8243; _module_preset=&#8221;default&#8221; global_colors_info=&#8221;{}&#8221;]Club lectura [\/et_pb_text][et_pb_text module_class=&#8221;caixa fons-blau enumeracio&#8221; _builder_version=&#8221;4.20.4&#8243; _module_preset=&#8221;default&#8221; animation_style=&#8221;slide&#8221; animation_direction=&#8221;bottom&#8221; animation_duration=&#8221;500ms&#8221; animation_delay=&#8221;100ms&#8221; global_colors_info=&#8221;{}&#8221;]<\/p>\n<p><img loading=\"lazy\" decoding=\"async\" src=\"https:\/\/pruebas.prodex-informatica.com\/parapruebas2021\/wp-content\/uploads\/2024\/03\/lectura-ico.svg\" width=\"300\" height=\"300\" alt=\"\" class=\"wp-image-2069 alignnone size-medium\" \/><\/p>\n<p>[\/et_pb_text][\/et_pb_column][et_pb_column type=&#8221;1_4&#8243; _builder_version=&#8221;4.20.0&#8243; _module_preset=&#8221;default&#8221; global_colors_info=&#8221;{}&#8221;][\/et_pb_column][\/et_pb_row][\/et_pb_section][et_pb_section fb_built=&#8221;1&#8243; _builder_version=&#8221;4.20.0&#8243; _module_preset=&#8221;default&#8221; global_module=&#8221;597&#8243; saved_tabs=&#8221;all&#8221; global_colors_info=&#8221;{}&#8221;][et_pb_row _builder_version=&#8221;4.20.0&#8243; _module_preset=&#8221;default&#8221; custom_padding=&#8221;||0px||false|false&#8221; global_colors_info=&#8221;{}&#8221;][et_pb_column type=&#8221;4_4&#8243; _builder_version=&#8221;4.20.0&#8243; _module_preset=&#8221;default&#8221; global_colors_info=&#8221;{}&#8221;][et_pb_text _builder_version=&#8221;4.20.0&#8243; _module_preset=&#8221;default&#8221; global_colors_info=&#8221;{}&#8221;]<\/p>\n<h2 class=\"titular\">Vols con\u00e8ixer de primera m\u00e0 el nostre centre?<\/h2>\n<p>[\/et_pb_text][\/et_pb_column][\/et_pb_row][et_pb_row _builder_version=&#8221;4.20.0&#8243; _module_preset=&#8221;default&#8221; custom_padding=&#8221;10px||10px||false|false&#8221; global_colors_info=&#8221;{}&#8221;][et_pb_column type=&#8221;4_4&#8243; _builder_version=&#8221;4.20.0&#8243; _module_preset=&#8221;default&#8221; global_colors_info=&#8221;{}&#8221;][et_pb_text _builder_version=&#8221;4.20.0&#8243; _module_preset=&#8221;default&#8221; global_colors_info=&#8221;{}&#8221;]Contacta amb nosaltres per agendar una reuni\u00f3 personal on un membre de l\u2019equip directiu t&#8217;explicar\u00e0 el nostre projecte educatiu. L\u2019atenci\u00f3 personalitzada que ens caracteritza comen\u00e7a AQU\u00cd.  [\/et_pb_text][\/et_pb_column][\/et_pb_row][et_pb_row _builder_version=&#8221;4.20.0&#8243; _module_preset=&#8221;default&#8221; global_colors_info=&#8221;{}&#8221;][et_pb_column type=&#8221;4_4&#8243; _builder_version=&#8221;4.20.0&#8243; _module_preset=&#8221;default&#8221; custom_css_main_element=&#8221;display:flex;||gap:30px;&#8221; global_colors_info=&#8221;{}&#8221;][et_pb_text _builder_version=&#8221;4.20.0&#8243; _module_preset=&#8221;default&#8221; max_width=&#8221;150px&#8221; link_option_url=&#8221;tel:34932123499&#8243; global_colors_info=&#8221;{}&#8221;]<\/p>\n<p><a href=\"https:\/\/pruebas.prodex-informatica.com\/parapruebas2021\/wp-content\/uploads\/2023\/03\/contacto-phone-ico.svg\"><img loading=\"lazy\" decoding=\"async\" src=\"https:\/\/pruebas.prodex-informatica.com\/parapruebas2021\/wp-content\/uploads\/2023\/03\/contacto-phone-ico.svg\" width=\"150\" height=\"150\" alt=\"\" class=\"wp-image-728 alignnone size-medium\" \/><\/a><br \/>Contacta amb nosaltres<br \/><strong>per tel\u00e8fon <\/strong>per programar una reuni\u00f3<\/p>\n<p>[\/et_pb_text][et_pb_text _builder_version=&#8221;4.20.0&#8243; _module_preset=&#8221;default&#8221; max_width=&#8221;150px&#8221; link_option_url=&#8221;\/contact\/#contact-form&#8221; global_colors_info=&#8221;{}&#8221;]<\/p>\n<p><img loading=\"lazy\" decoding=\"async\" class=\"wp-image-736 alignnone size-medium\" src=\"https:\/\/pruebas.prodex-informatica.com\/parapruebas2021\/wp-content\/uploads\/2023\/03\/contact-fomr-ico.svg\" alt=\"\" width=\"150\" height=\"150\" \/><br \/>Contacta amb nosaltres<br \/><strong>amb el formulari <\/strong>per programar una reuni\u00f3<\/p>\n<p>[\/et_pb_text][\/et_pb_column][\/et_pb_row][\/et_pb_section]<\/p>\n","protected":false},"excerpt":{"rendered":"<p>Activitats Extraescolars al centreInvolucrar-se en activitats extraescolars \u00e9s vital per al desenvolupament integral dels estudiants, ja que nodreix habilitats m\u00e9s enll\u00e0 de l&#8217;\u00e0mbit acad\u00e8mic. Aquestes proporcionen vies per a l&#8217;autodescobriment, [&hellip;]<\/p>\n","protected":false},"author":1,"featured_media":3439,"parent":0,"menu_order":0,"comment_status":"closed","ping_status":"closed","template":"","meta":{"_et_pb_use_builder":"on","_et_pb_old_content":"","_et_gb_content_width":"","inline_featured_image":false,"footnotes":""},"class_list":["post-3327","page","type-page","status-publish","has-post-thumbnail","hentry"],"acf":[],"yoast_head":"<!-- This site is optimized with the Yoast SEO plugin v23.6 - https:\/\/yoast.com\/wordpress\/plugins\/seo\/ -->\n<title>Activitats extraescolars - John Talabot School<\/title>\n<meta name=\"robots\" content=\"noindex, follow, max-snippet:-1, max-image-preview:large, max-video-preview:-1\" \/>\n<meta property=\"og:locale\" content=\"ca_ES\" \/>\n<meta property=\"og:type\" content=\"article\" \/>\n<meta property=\"og:title\" content=\"Activitats extraescolars - John Talabot School\" \/>\n<meta property=\"og:description\" content=\"Activitats Extraescolars al centreInvolucrar-se en activitats extraescolars \u00e9s vital per al desenvolupament integral dels estudiants, ja que nodreix habilitats m\u00e9s enll\u00e0 de l&#039;\u00e0mbit acad\u00e8mic. Aquestes proporcionen vies per a l&#039;autodescobriment, [&hellip;]\" \/>\n<meta property=\"og:url\" content=\"https:\/\/pruebas.prodex-informatica.com\/parapruebas2021\/extracurricular-activities\/\" \/>\n<meta property=\"og:site_name\" content=\"John Talabot School\" \/>\n<meta property=\"article:modified_time\" content=\"2024-09-30T10:04:56+00:00\" \/>\n<meta property=\"og:image\" content=\"https:\/\/pruebas.prodex-informatica.com\/parapruebas2021\/wp-content\/uploads\/2024\/03\/dansa-ico.svg\" \/>\n<meta name=\"twitter:card\" content=\"summary_large_image\" \/>\n<meta name=\"twitter:label1\" content=\"Temps estimat de lectura\" \/>\n\t<meta name=\"twitter:data1\" content=\"4 minuts\" \/>\n<script type=\"application\/ld+json\" class=\"yoast-schema-graph\">{\"@context\":\"https:\/\/schema.org\",\"@graph\":[{\"@type\":\"WebPage\",\"@id\":\"https:\/\/pruebas.prodex-informatica.com\/parapruebas2021\/extracurricular-activities\/\",\"url\":\"https:\/\/pruebas.prodex-informatica.com\/parapruebas2021\/extracurricular-activities\/\",\"name\":\"Activitats extraescolars - John Talabot School\",\"isPartOf\":{\"@id\":\"https:\/\/pruebas.prodex-informatica.com\/parapruebas2021\/#website\"},\"primaryImageOfPage\":{\"@id\":\"https:\/\/pruebas.prodex-informatica.com\/parapruebas2021\/extracurricular-activities\/#primaryimage\"},\"image\":{\"@id\":\"https:\/\/pruebas.prodex-informatica.com\/parapruebas2021\/extracurricular-activities\/#primaryimage\"},\"thumbnailUrl\":\"https:\/\/pruebas.prodex-informatica.com\/parapruebas2021\/wp-content\/uploads\/2024\/10\/extraescolars-scaled.jpg\",\"datePublished\":\"2024-09-14T09:22:16+00:00\",\"dateModified\":\"2024-09-30T10:04:56+00:00\",\"breadcrumb\":{\"@id\":\"https:\/\/pruebas.prodex-informatica.com\/parapruebas2021\/extracurricular-activities\/#breadcrumb\"},\"inLanguage\":\"ca\",\"potentialAction\":[{\"@type\":\"ReadAction\",\"target\":[\"https:\/\/pruebas.prodex-informatica.com\/parapruebas2021\/extracurricular-activities\/\"]}]},{\"@type\":\"ImageObject\",\"inLanguage\":\"ca\",\"@id\":\"https:\/\/pruebas.prodex-informatica.com\/parapruebas2021\/extracurricular-activities\/#primaryimage\",\"url\":\"https:\/\/pruebas.prodex-informatica.com\/parapruebas2021\/wp-content\/uploads\/2024\/10\/extraescolars-scaled.jpg\",\"contentUrl\":\"https:\/\/pruebas.prodex-informatica.com\/parapruebas2021\/wp-content\/uploads\/2024\/10\/extraescolars-scaled.jpg\",\"width\":2560,\"height\":1280},{\"@type\":\"BreadcrumbList\",\"@id\":\"https:\/\/pruebas.prodex-informatica.com\/parapruebas2021\/extracurricular-activities\/#breadcrumb\",\"itemListElement\":[{\"@type\":\"ListItem\",\"position\":1,\"name\":\"Home\",\"item\":\"https:\/\/pruebas.prodex-informatica.com\/parapruebas2021\/\"},{\"@type\":\"ListItem\",\"position\":2,\"name\":\"Activitats extraescolars\"}]},{\"@type\":\"WebSite\",\"@id\":\"https:\/\/pruebas.prodex-informatica.com\/parapruebas2021\/#website\",\"url\":\"https:\/\/pruebas.prodex-informatica.com\/parapruebas2021\/\",\"name\":\"John Talabot School\",\"description\":\"\",\"publisher\":{\"@id\":\"https:\/\/pruebas.prodex-informatica.com\/parapruebas2021\/#organization\"},\"potentialAction\":[{\"@type\":\"SearchAction\",\"target\":{\"@type\":\"EntryPoint\",\"urlTemplate\":\"https:\/\/pruebas.prodex-informatica.com\/parapruebas2021\/?s={search_term_string}\"},\"query-input\":{\"@type\":\"PropertyValueSpecification\",\"valueRequired\":true,\"valueName\":\"search_term_string\"}}],\"inLanguage\":\"ca\"},{\"@type\":\"Organization\",\"@id\":\"https:\/\/pruebas.prodex-informatica.com\/parapruebas2021\/#organization\",\"name\":\"John Talabot School Barcelona\",\"alternateName\":\"John Talabot\",\"url\":\"https:\/\/pruebas.prodex-informatica.com\/parapruebas2021\/\",\"logo\":{\"@type\":\"ImageObject\",\"inLanguage\":\"ca\",\"@id\":\"https:\/\/pruebas.prodex-informatica.com\/parapruebas2021\/#\/schema\/logo\/image\/\",\"url\":\"https:\/\/pruebas.prodex-informatica.com\/parapruebas2021\/wp-content\/uploads\/2023\/03\/john-talabol-logo-q.webp\",\"contentUrl\":\"https:\/\/pruebas.prodex-informatica.com\/parapruebas2021\/wp-content\/uploads\/2023\/03\/john-talabol-logo-q.webp\",\"width\":550,\"height\":550,\"caption\":\"John Talabot School Barcelona\"},\"image\":{\"@id\":\"https:\/\/pruebas.prodex-informatica.com\/parapruebas2021\/#\/schema\/logo\/image\/\"}}]}<\/script>\n<!-- \/ Yoast SEO plugin. -->","yoast_head_json":{"title":"Activitats extraescolars - John Talabot School","robots":{"index":"noindex","follow":"follow","max-snippet":"max-snippet:-1","max-image-preview":"max-image-preview:large","max-video-preview":"max-video-preview:-1"},"og_locale":"ca_ES","og_type":"article","og_title":"Activitats extraescolars - John Talabot School","og_description":"Activitats Extraescolars al centreInvolucrar-se en activitats extraescolars \u00e9s vital per al desenvolupament integral dels estudiants, ja que nodreix habilitats m\u00e9s enll\u00e0 de l'\u00e0mbit acad\u00e8mic. Aquestes proporcionen vies per a l'autodescobriment, [&hellip;]","og_url":"https:\/\/pruebas.prodex-informatica.com\/parapruebas2021\/extracurricular-activities\/","og_site_name":"John Talabot School","article_modified_time":"2024-09-30T10:04:56+00:00","og_image":[{"url":"https:\/\/pruebas.prodex-informatica.com\/parapruebas2021\/wp-content\/uploads\/2024\/03\/dansa-ico.svg"}],"twitter_card":"summary_large_image","twitter_misc":{"Temps estimat de lectura":"4 minuts"},"schema":{"@context":"https:\/\/schema.org","@graph":[{"@type":"WebPage","@id":"https:\/\/pruebas.prodex-informatica.com\/parapruebas2021\/extracurricular-activities\/","url":"https:\/\/pruebas.prodex-informatica.com\/parapruebas2021\/extracurricular-activities\/","name":"Activitats extraescolars - John Talabot School","isPartOf":{"@id":"https:\/\/pruebas.prodex-informatica.com\/parapruebas2021\/#website"},"primaryImageOfPage":{"@id":"https:\/\/pruebas.prodex-informatica.com\/parapruebas2021\/extracurricular-activities\/#primaryimage"},"image":{"@id":"https:\/\/pruebas.prodex-informatica.com\/parapruebas2021\/extracurricular-activities\/#primaryimage"},"thumbnailUrl":"https:\/\/pruebas.prodex-informatica.com\/parapruebas2021\/wp-content\/uploads\/2024\/10\/extraescolars-scaled.jpg","datePublished":"2024-09-14T09:22:16+00:00","dateModified":"2024-09-30T10:04:56+00:00","breadcrumb":{"@id":"https:\/\/pruebas.prodex-informatica.com\/parapruebas2021\/extracurricular-activities\/#breadcrumb"},"inLanguage":"ca","potentialAction":[{"@type":"ReadAction","target":["https:\/\/pruebas.prodex-informatica.com\/parapruebas2021\/extracurricular-activities\/"]}]},{"@type":"ImageObject","inLanguage":"ca","@id":"https:\/\/pruebas.prodex-informatica.com\/parapruebas2021\/extracurricular-activities\/#primaryimage","url":"https:\/\/pruebas.prodex-informatica.com\/parapruebas2021\/wp-content\/uploads\/2024\/10\/extraescolars-scaled.jpg","contentUrl":"https:\/\/pruebas.prodex-informatica.com\/parapruebas2021\/wp-content\/uploads\/2024\/10\/extraescolars-scaled.jpg","width":2560,"height":1280},{"@type":"BreadcrumbList","@id":"https:\/\/pruebas.prodex-informatica.com\/parapruebas2021\/extracurricular-activities\/#breadcrumb","itemListElement":[{"@type":"ListItem","position":1,"name":"Home","item":"https:\/\/pruebas.prodex-informatica.com\/parapruebas2021\/"},{"@type":"ListItem","position":2,"name":"Activitats extraescolars"}]},{"@type":"WebSite","@id":"https:\/\/pruebas.prodex-informatica.com\/parapruebas2021\/#website","url":"https:\/\/pruebas.prodex-informatica.com\/parapruebas2021\/","name":"John Talabot School","description":"","publisher":{"@id":"https:\/\/pruebas.prodex-informatica.com\/parapruebas2021\/#organization"},"potentialAction":[{"@type":"SearchAction","target":{"@type":"EntryPoint","urlTemplate":"https:\/\/pruebas.prodex-informatica.com\/parapruebas2021\/?s={search_term_string}"},"query-input":{"@type":"PropertyValueSpecification","valueRequired":true,"valueName":"search_term_string"}}],"inLanguage":"ca"},{"@type":"Organization","@id":"https:\/\/pruebas.prodex-informatica.com\/parapruebas2021\/#organization","name":"John Talabot School Barcelona","alternateName":"John Talabot","url":"https:\/\/pruebas.prodex-informatica.com\/parapruebas2021\/","logo":{"@type":"ImageObject","inLanguage":"ca","@id":"https:\/\/pruebas.prodex-informatica.com\/parapruebas2021\/#\/schema\/logo\/image\/","url":"https:\/\/pruebas.prodex-informatica.com\/parapruebas2021\/wp-content\/uploads\/2023\/03\/john-talabol-logo-q.webp","contentUrl":"https:\/\/pruebas.prodex-informatica.com\/parapruebas2021\/wp-content\/uploads\/2023\/03\/john-talabol-logo-q.webp","width":550,"height":550,"caption":"John Talabot School Barcelona"},"image":{"@id":"https:\/\/pruebas.prodex-informatica.com\/parapruebas2021\/#\/schema\/logo\/image\/"}}]}},"_links":{"self":[{"href":"https:\/\/pruebas.prodex-informatica.com\/parapruebas2021\/ca\/wp-json\/wp\/v2\/pages\/3327","targetHints":{"allow":["GET"]}}],"collection":[{"href":"https:\/\/pruebas.prodex-informatica.com\/parapruebas2021\/ca\/wp-json\/wp\/v2\/pages"}],"about":[{"href":"https:\/\/pruebas.prodex-informatica.com\/parapruebas2021\/ca\/wp-json\/wp\/v2\/types\/page"}],"author":[{"embeddable":true,"href":"https:\/\/pruebas.prodex-informatica.com\/parapruebas2021\/ca\/wp-json\/wp\/v2\/users\/1"}],"replies":[{"embeddable":true,"href":"https:\/\/pruebas.prodex-informatica.com\/parapruebas2021\/ca\/wp-json\/wp\/v2\/comments?post=3327"}],"version-history":[{"count":4,"href":"https:\/\/pruebas.prodex-informatica.com\/parapruebas2021\/ca\/wp-json\/wp\/v2\/pages\/3327\/revisions"}],"predecessor-version":[{"id":3389,"href":"https:\/\/pruebas.prodex-informatica.com\/parapruebas2021\/ca\/wp-json\/wp\/v2\/pages\/3327\/revisions\/3389"}],"wp:featuredmedia":[{"embeddable":true,"href":"https:\/\/pruebas.prodex-informatica.com\/parapruebas2021\/ca\/wp-json\/wp\/v2\/media\/3439"}],"wp:attachment":[{"href":"https:\/\/pruebas.prodex-informatica.com\/parapruebas2021\/ca\/wp-json\/wp\/v2\/media?parent=3327"}],"curies":[{"name":"wp","href":"https:\/\/api.w.org\/{rel}","templated":true}]}}