{"id":1117,"date":"2023-03-12T13:33:59","date_gmt":"2023-03-12T11:33:59","guid":{"rendered":"https:\/\/pruebas.prodex-informatica.com\/parapruebas2021\/about-our-name-john-talabot\/"},"modified":"2023-04-07T17:37:17","modified_gmt":"2023-04-07T15:37:17","slug":"qui-era-sir-john-talabot","status":"publish","type":"page","link":"https:\/\/pruebas.prodex-informatica.com\/parapruebas2021\/ca\/qui-era-sir-john-talabot\/","title":{"rendered":"Qui era Sir John Talabot?"},"content":{"rendered":"<p>[et_pb_section fb_built=&#8221;1&#8243; _builder_version=&#8221;4.20.0&#8243; _module_preset=&#8221;default&#8221; global_colors_info=&#8221;{}&#8221;][et_pb_row _builder_version=&#8221;4.20.0&#8243; _module_preset=&#8221;default&#8221; global_colors_info=&#8221;{}&#8221;][et_pb_column type=&#8221;4_4&#8243; _builder_version=&#8221;4.20.0&#8243; _module_preset=&#8221;default&#8221; global_colors_info=&#8221;{}&#8221;][et_pb_text _builder_version=&#8221;4.20.0&#8243; _module_preset=&#8221;default&#8221; hover_enabled=&#8221;0&#8243; global_colors_info=&#8221;{}&#8221; sticky_enabled=&#8221;0&#8243;]<\/p>\n<h1 class=\"titular\">Qui era Sir John Talabot?<\/h1>\n<p>[\/et_pb_text][\/et_pb_column][\/et_pb_row][et_pb_row _builder_version=&#8221;4.20.0&#8243; _module_preset=&#8221;default&#8221; global_colors_info=&#8221;{}&#8221;][et_pb_column type=&#8221;4_4&#8243; _builder_version=&#8221;4.20.0&#8243; _module_preset=&#8221;default&#8221; global_colors_info=&#8221;{}&#8221;][et_pb_text _builder_version=&#8221;4.20.0&#8243; _module_preset=&#8221;default&#8221; hover_enabled=&#8221;0&#8243; global_colors_info=&#8221;{}&#8221; sticky_enabled=&#8221;0&#8243;]<\/p>\n<p>El nom John Talabot \u00e9s d\u2019origen literari; \u00e9s un personatge que probablement va existir a la realitat i que pos\u00e0 en contacte dues cultures, la catalana i l\u2019anglesa, representades respectivament per Ram\u00f3n de Perell\u00f3s i Sir John Talabot.<\/p>\n<p>El personatge apareix a la novel\u00b7la medieval de Ram\u00f3n de Perell\u00f3s titulada Viatge al Purgatori de Sant Patrici. En ella, Sir John Talabot t\u00e9 la missi\u00f3 de fer de traductor a Ram\u00f3n de Perell\u00f3s en el seu viatge a Dubl\u00edn. A partir d&#8217;aquesta novel\u00b7la, Lope de Vega va escriure El mayor prodigio o El purgatorio en vida i Calder\u00f3n de la Barca El Purgatorio de San Patricio.<\/p>\n<p>La nostra escola va escollir aquest nom per aquesta simb\u00f2lica uni\u00f3 de la cultura catalana i l&#8217;anglesa. Mentre que la nostra cultura catalana gaudeix de la riquesa que suposa el biling\u00fcisme catal\u00e0\/castell\u00e0, incorporem a la nostra vida escolar la cultura anglesa, gaudint d&#8217;una multiculturalitat que es basa en una vida escolar triling\u00fce: catal\u00e0-castell\u00e0-angl\u00e8s.<\/p>\n<p>Cal afegir que des de l\u2019any 2009 el DJ, productor i m\u00fasic electr\u00f2nic de fama internacional reconeguda, Oriol Riverola, va comen\u00e7ar a utilitzar el nom del centre on va estudiar en el seu honor i com a pseud\u00f2nim per a la seva figura art\u00edstica.<\/p>\n<p><strong>El col\u00b7legi John Talabot funciona amb aquest projecte triling\u00fce des de 1976.<\/strong><\/p>\n<p>[\/et_pb_text][\/et_pb_column][\/et_pb_row][\/et_pb_section]<\/p>\n","protected":false},"excerpt":{"rendered":"<p>Qui era Sir John Talabot?El nom John Talabot \u00e9s d\u2019origen literari; \u00e9s un personatge que probablement va existir a la realitat i que pos\u00e0 en contacte dues cultures, la catalana [&hellip;]<\/p>\n","protected":false},"author":1,"featured_media":440,"parent":0,"menu_order":0,"comment_status":"closed","ping_status":"closed","template":"","meta":{"_et_pb_use_builder":"on","_et_pb_old_content":"","_et_gb_content_width":"","inline_featured_image":false,"footnotes":""},"class_list":["post-1117","page","type-page","status-publish","has-post-thumbnail","hentry"],"acf":[],"yoast_head":"<!-- This site is optimized with the Yoast SEO plugin v23.6 - https:\/\/yoast.com\/wordpress\/plugins\/seo\/ -->\n<title>Qui era Sir John Talabot? - John Talabot School<\/title>\n<meta name=\"robots\" content=\"noindex, follow, max-snippet:-1, max-image-preview:large, max-video-preview:-1\" \/>\n<meta property=\"og:locale\" content=\"ca_ES\" \/>\n<meta property=\"og:type\" content=\"article\" \/>\n<meta property=\"og:title\" content=\"Qui era Sir John Talabot? - John Talabot School\" \/>\n<meta property=\"og:description\" content=\"Qui era Sir John Talabot?El nom John Talabot \u00e9s d\u2019origen literari; \u00e9s un personatge que probablement va existir a la realitat i que pos\u00e0 en contacte dues cultures, la catalana [&hellip;]\" \/>\n<meta property=\"og:url\" content=\"https:\/\/pruebas.prodex-informatica.com\/parapruebas2021\/ca\/qui-era-sir-john-talabot\/\" \/>\n<meta property=\"og:site_name\" content=\"John Talabot School\" \/>\n<meta property=\"article:modified_time\" content=\"2023-04-07T15:37:17+00:00\" \/>\n<meta property=\"og:image\" content=\"https:\/\/pruebas.prodex-informatica.com\/parapruebas2021\/wp-content\/uploads\/2023\/03\/background-image3.webp\" \/>\n\t<meta property=\"og:image:width\" content=\"2000\" \/>\n\t<meta property=\"og:image:height\" content=\"746\" \/>\n\t<meta property=\"og:image:type\" content=\"image\/webp\" \/>\n<meta name=\"twitter:card\" content=\"summary_large_image\" \/>\n<meta name=\"twitter:label1\" content=\"Temps estimat de lectura\" \/>\n\t<meta name=\"twitter:data1\" content=\"2 minuts\" \/>\n<script type=\"application\/ld+json\" class=\"yoast-schema-graph\">{\"@context\":\"https:\/\/schema.org\",\"@graph\":[{\"@type\":\"WebPage\",\"@id\":\"https:\/\/pruebas.prodex-informatica.com\/parapruebas2021\/ca\/qui-era-sir-john-talabot\/\",\"url\":\"https:\/\/pruebas.prodex-informatica.com\/parapruebas2021\/ca\/qui-era-sir-john-talabot\/\",\"name\":\"Qui era Sir John Talabot? - John Talabot School\",\"isPartOf\":{\"@id\":\"https:\/\/pruebas.prodex-informatica.com\/parapruebas2021\/#website\"},\"primaryImageOfPage\":{\"@id\":\"https:\/\/pruebas.prodex-informatica.com\/parapruebas2021\/ca\/qui-era-sir-john-talabot\/#primaryimage\"},\"image\":{\"@id\":\"https:\/\/pruebas.prodex-informatica.com\/parapruebas2021\/ca\/qui-era-sir-john-talabot\/#primaryimage\"},\"thumbnailUrl\":\"https:\/\/pruebas.prodex-informatica.com\/parapruebas2021\/wp-content\/uploads\/2023\/03\/background-image3.webp\",\"datePublished\":\"2023-03-12T11:33:59+00:00\",\"dateModified\":\"2023-04-07T15:37:17+00:00\",\"breadcrumb\":{\"@id\":\"https:\/\/pruebas.prodex-informatica.com\/parapruebas2021\/ca\/qui-era-sir-john-talabot\/#breadcrumb\"},\"inLanguage\":\"ca\",\"potentialAction\":[{\"@type\":\"ReadAction\",\"target\":[\"https:\/\/pruebas.prodex-informatica.com\/parapruebas2021\/ca\/qui-era-sir-john-talabot\/\"]}]},{\"@type\":\"ImageObject\",\"inLanguage\":\"ca\",\"@id\":\"https:\/\/pruebas.prodex-informatica.com\/parapruebas2021\/ca\/qui-era-sir-john-talabot\/#primaryimage\",\"url\":\"https:\/\/pruebas.prodex-informatica.com\/parapruebas2021\/wp-content\/uploads\/2023\/03\/background-image3.webp\",\"contentUrl\":\"https:\/\/pruebas.prodex-informatica.com\/parapruebas2021\/wp-content\/uploads\/2023\/03\/background-image3.webp\",\"width\":2000,\"height\":746},{\"@type\":\"BreadcrumbList\",\"@id\":\"https:\/\/pruebas.prodex-informatica.com\/parapruebas2021\/ca\/qui-era-sir-john-talabot\/#breadcrumb\",\"itemListElement\":[{\"@type\":\"ListItem\",\"position\":1,\"name\":\"Home\",\"item\":\"https:\/\/pruebas.prodex-informatica.com\/parapruebas2021\/\"},{\"@type\":\"ListItem\",\"position\":2,\"name\":\"Qui era Sir John Talabot?\"}]},{\"@type\":\"WebSite\",\"@id\":\"https:\/\/pruebas.prodex-informatica.com\/parapruebas2021\/#website\",\"url\":\"https:\/\/pruebas.prodex-informatica.com\/parapruebas2021\/\",\"name\":\"John Talabot School\",\"description\":\"\",\"publisher\":{\"@id\":\"https:\/\/pruebas.prodex-informatica.com\/parapruebas2021\/#organization\"},\"potentialAction\":[{\"@type\":\"SearchAction\",\"target\":{\"@type\":\"EntryPoint\",\"urlTemplate\":\"https:\/\/pruebas.prodex-informatica.com\/parapruebas2021\/?s={search_term_string}\"},\"query-input\":{\"@type\":\"PropertyValueSpecification\",\"valueRequired\":true,\"valueName\":\"search_term_string\"}}],\"inLanguage\":\"ca\"},{\"@type\":\"Organization\",\"@id\":\"https:\/\/pruebas.prodex-informatica.com\/parapruebas2021\/#organization\",\"name\":\"John Talabot School Barcelona\",\"alternateName\":\"John Talabot\",\"url\":\"https:\/\/pruebas.prodex-informatica.com\/parapruebas2021\/\",\"logo\":{\"@type\":\"ImageObject\",\"inLanguage\":\"ca\",\"@id\":\"https:\/\/pruebas.prodex-informatica.com\/parapruebas2021\/#\/schema\/logo\/image\/\",\"url\":\"https:\/\/pruebas.prodex-informatica.com\/parapruebas2021\/wp-content\/uploads\/2023\/03\/john-talabol-logo-q.webp\",\"contentUrl\":\"https:\/\/pruebas.prodex-informatica.com\/parapruebas2021\/wp-content\/uploads\/2023\/03\/john-talabol-logo-q.webp\",\"width\":550,\"height\":550,\"caption\":\"John Talabot School Barcelona\"},\"image\":{\"@id\":\"https:\/\/pruebas.prodex-informatica.com\/parapruebas2021\/#\/schema\/logo\/image\/\"}}]}<\/script>\n<!-- \/ Yoast SEO plugin. -->","yoast_head_json":{"title":"Qui era Sir John Talabot? - John Talabot School","robots":{"index":"noindex","follow":"follow","max-snippet":"max-snippet:-1","max-image-preview":"max-image-preview:large","max-video-preview":"max-video-preview:-1"},"og_locale":"ca_ES","og_type":"article","og_title":"Qui era Sir John Talabot? - John Talabot School","og_description":"Qui era Sir John Talabot?El nom John Talabot \u00e9s d\u2019origen literari; \u00e9s un personatge que probablement va existir a la realitat i que pos\u00e0 en contacte dues cultures, la catalana [&hellip;]","og_url":"https:\/\/pruebas.prodex-informatica.com\/parapruebas2021\/ca\/qui-era-sir-john-talabot\/","og_site_name":"John Talabot School","article_modified_time":"2023-04-07T15:37:17+00:00","og_image":[{"width":2000,"height":746,"url":"https:\/\/pruebas.prodex-informatica.com\/parapruebas2021\/wp-content\/uploads\/2023\/03\/background-image3.webp","type":"image\/webp"}],"twitter_card":"summary_large_image","twitter_misc":{"Temps estimat de lectura":"2 minuts"},"schema":{"@context":"https:\/\/schema.org","@graph":[{"@type":"WebPage","@id":"https:\/\/pruebas.prodex-informatica.com\/parapruebas2021\/ca\/qui-era-sir-john-talabot\/","url":"https:\/\/pruebas.prodex-informatica.com\/parapruebas2021\/ca\/qui-era-sir-john-talabot\/","name":"Qui era Sir John Talabot? - John Talabot School","isPartOf":{"@id":"https:\/\/pruebas.prodex-informatica.com\/parapruebas2021\/#website"},"primaryImageOfPage":{"@id":"https:\/\/pruebas.prodex-informatica.com\/parapruebas2021\/ca\/qui-era-sir-john-talabot\/#primaryimage"},"image":{"@id":"https:\/\/pruebas.prodex-informatica.com\/parapruebas2021\/ca\/qui-era-sir-john-talabot\/#primaryimage"},"thumbnailUrl":"https:\/\/pruebas.prodex-informatica.com\/parapruebas2021\/wp-content\/uploads\/2023\/03\/background-image3.webp","datePublished":"2023-03-12T11:33:59+00:00","dateModified":"2023-04-07T15:37:17+00:00","breadcrumb":{"@id":"https:\/\/pruebas.prodex-informatica.com\/parapruebas2021\/ca\/qui-era-sir-john-talabot\/#breadcrumb"},"inLanguage":"ca","potentialAction":[{"@type":"ReadAction","target":["https:\/\/pruebas.prodex-informatica.com\/parapruebas2021\/ca\/qui-era-sir-john-talabot\/"]}]},{"@type":"ImageObject","inLanguage":"ca","@id":"https:\/\/pruebas.prodex-informatica.com\/parapruebas2021\/ca\/qui-era-sir-john-talabot\/#primaryimage","url":"https:\/\/pruebas.prodex-informatica.com\/parapruebas2021\/wp-content\/uploads\/2023\/03\/background-image3.webp","contentUrl":"https:\/\/pruebas.prodex-informatica.com\/parapruebas2021\/wp-content\/uploads\/2023\/03\/background-image3.webp","width":2000,"height":746},{"@type":"BreadcrumbList","@id":"https:\/\/pruebas.prodex-informatica.com\/parapruebas2021\/ca\/qui-era-sir-john-talabot\/#breadcrumb","itemListElement":[{"@type":"ListItem","position":1,"name":"Home","item":"https:\/\/pruebas.prodex-informatica.com\/parapruebas2021\/"},{"@type":"ListItem","position":2,"name":"Qui era Sir John Talabot?"}]},{"@type":"WebSite","@id":"https:\/\/pruebas.prodex-informatica.com\/parapruebas2021\/#website","url":"https:\/\/pruebas.prodex-informatica.com\/parapruebas2021\/","name":"John Talabot School","description":"","publisher":{"@id":"https:\/\/pruebas.prodex-informatica.com\/parapruebas2021\/#organization"},"potentialAction":[{"@type":"SearchAction","target":{"@type":"EntryPoint","urlTemplate":"https:\/\/pruebas.prodex-informatica.com\/parapruebas2021\/?s={search_term_string}"},"query-input":{"@type":"PropertyValueSpecification","valueRequired":true,"valueName":"search_term_string"}}],"inLanguage":"ca"},{"@type":"Organization","@id":"https:\/\/pruebas.prodex-informatica.com\/parapruebas2021\/#organization","name":"John Talabot School Barcelona","alternateName":"John Talabot","url":"https:\/\/pruebas.prodex-informatica.com\/parapruebas2021\/","logo":{"@type":"ImageObject","inLanguage":"ca","@id":"https:\/\/pruebas.prodex-informatica.com\/parapruebas2021\/#\/schema\/logo\/image\/","url":"https:\/\/pruebas.prodex-informatica.com\/parapruebas2021\/wp-content\/uploads\/2023\/03\/john-talabol-logo-q.webp","contentUrl":"https:\/\/pruebas.prodex-informatica.com\/parapruebas2021\/wp-content\/uploads\/2023\/03\/john-talabol-logo-q.webp","width":550,"height":550,"caption":"John Talabot School Barcelona"},"image":{"@id":"https:\/\/pruebas.prodex-informatica.com\/parapruebas2021\/#\/schema\/logo\/image\/"}}]}},"_links":{"self":[{"href":"https:\/\/pruebas.prodex-informatica.com\/parapruebas2021\/ca\/wp-json\/wp\/v2\/pages\/1117","targetHints":{"allow":["GET"]}}],"collection":[{"href":"https:\/\/pruebas.prodex-informatica.com\/parapruebas2021\/ca\/wp-json\/wp\/v2\/pages"}],"about":[{"href":"https:\/\/pruebas.prodex-informatica.com\/parapruebas2021\/ca\/wp-json\/wp\/v2\/types\/page"}],"author":[{"embeddable":true,"href":"https:\/\/pruebas.prodex-informatica.com\/parapruebas2021\/ca\/wp-json\/wp\/v2\/users\/1"}],"replies":[{"embeddable":true,"href":"https:\/\/pruebas.prodex-informatica.com\/parapruebas2021\/ca\/wp-json\/wp\/v2\/comments?post=1117"}],"version-history":[{"count":2,"href":"https:\/\/pruebas.prodex-informatica.com\/parapruebas2021\/ca\/wp-json\/wp\/v2\/pages\/1117\/revisions"}],"predecessor-version":[{"id":1121,"href":"https:\/\/pruebas.prodex-informatica.com\/parapruebas2021\/ca\/wp-json\/wp\/v2\/pages\/1117\/revisions\/1121"}],"wp:featuredmedia":[{"embeddable":true,"href":"https:\/\/pruebas.prodex-informatica.com\/parapruebas2021\/ca\/wp-json\/wp\/v2\/media\/440"}],"wp:attachment":[{"href":"https:\/\/pruebas.prodex-informatica.com\/parapruebas2021\/ca\/wp-json\/wp\/v2\/media?parent=1117"}],"curies":[{"name":"wp","href":"https:\/\/api.w.org\/{rel}","templated":true}]}}