{"id":1106,"date":"2023-03-13T07:40:03","date_gmt":"2023-03-13T05:40:03","guid":{"rendered":"https:\/\/pruebas.prodex-informatica.com\/parapruebas2021\/admissions-contact-form\/"},"modified":"2023-04-14T11:02:56","modified_gmt":"2023-04-14T09:02:56","slug":"admissions-contact-form","status":"publish","type":"page","link":"https:\/\/pruebas.prodex-informatica.com\/parapruebas2021\/ca\/admissions-contact-form\/","title":{"rendered":"Admissions Contact form"},"content":{"rendered":"<p>[et_pb_section fb_built=&#8221;1&#8243; _builder_version=&#8221;4.20.0&#8243; _module_preset=&#8221;default&#8221; global_colors_info=&#8221;{}&#8221;][et_pb_row _builder_version=&#8221;4.20.0&#8243; _module_preset=&#8221;default&#8221; global_colors_info=&#8221;{}&#8221;][et_pb_column type=&#8221;4_4&#8243; _builder_version=&#8221;4.20.0&#8243; _module_preset=&#8221;default&#8221; global_colors_info=&#8221;{}&#8221;][et_pb_text _builder_version=&#8221;4.20.0&#8243; _module_preset=&#8221;default&#8221; global_colors_info=&#8221;{}&#8221;]<\/p>\n<h1 class=\"titular\">Demana Cita<\/h1>\n<p>[\/et_pb_text][et_pb_text _builder_version=&#8221;4.20.4&#8243; _module_preset=&#8221;default&#8221; hover_enabled=&#8221;0&#8243; global_colors_info=&#8221;{}&#8221; custom_css_main_element_last_edited=&#8221;on|desktop&#8221; custom_css_main_element_phone=&#8221;column-count:1;&#8221; custom_css_main_element_tablet=&#8221;column-count:2;&#8221; sticky_enabled=&#8221;0&#8243;]<\/p>\n<p>Desitgem donar-vos personalment la benvinguda al nostre Col\u00b7legi. Creiem que la millor manera de descobrir, comprendre i sentir el nostre projecte educatiu aix\u00ed com l&#8217;ambient acollidor que acompanya el nostre alumnat \u00e9s amb una visita personalitzada i recorregut pel nostre col\u00b7legi.<\/p>\n<p>Podeu comen\u00e7ar aquesta passejada pel nostre centre avui iniciant el Proc\u00e9s d&#8217;Admissi\u00f3 i amb el nostre v\u00eddeo virtual de la jornada de portes obertes.<\/p>\n<p>Estem encantats de rebre-us i atendre les vostres preguntes.<\/p>\n<p>[\/et_pb_text][et_pb_text _builder_version=&#8221;4.20.0&#8243; _module_preset=&#8221;default&#8221; global_colors_info=&#8221;{}&#8221;]<\/p>\n<h1 class=\"titular\">Passos<\/h1>\n<p>[\/et_pb_text][\/et_pb_column][\/et_pb_row][et_pb_row column_structure=&#8221;1_4,1_4,1_4,1_4&#8243; _builder_version=&#8221;4.20.0&#8243; _module_preset=&#8221;default&#8221; global_colors_info=&#8221;{}&#8221;][et_pb_column type=&#8221;1_4&#8243; _builder_version=&#8221;4.20.0&#8243; _module_preset=&#8221;default&#8221; global_colors_info=&#8221;{}&#8221;][et_pb_blurb title=&#8221;Step 1&#8243; image=&#8221;https:\/\/pruebas.prodex-informatica.com\/parapruebas2021\/wp-content\/uploads\/2023\/03\/moli-blau-sencer-ico.svg&#8221; module_class=&#8221;blurb-fons caixa-blava&#8221; _builder_version=&#8221;4.20.0&#8243; _module_preset=&#8221;default&#8221; global_colors_info=&#8221;{}&#8221;]<\/p>\n<p>Contacteu amb nosaltres omplint el <strong>Formulari de Contacte<\/strong>, o <strong>envieu mail<\/strong> o <strong>contacteu per tel\u00e8fon<\/strong> per tal de concertar una entrevista informativa presencial o online. T\u2019esperem !<\/p>\n<p>[\/et_pb_blurb][\/et_pb_column][et_pb_column type=&#8221;1_4&#8243; _builder_version=&#8221;4.20.0&#8243; _module_preset=&#8221;default&#8221; global_colors_info=&#8221;{}&#8221;][et_pb_blurb title=&#8221;Step 2&#8243; image=&#8221;https:\/\/pruebas.prodex-informatica.com\/parapruebas2021\/wp-content\/uploads\/2023\/03\/moli-taronja-sencer-ico.svg&#8221; module_class=&#8221;blurb-fons caixa-taronja&#8221; _builder_version=&#8221;4.20.0&#8243; _module_preset=&#8221;default&#8221; global_colors_info=&#8221;{}&#8221;]Us convidarem a fer una entrevista informativa i visita personalizada per tal que pugueu con\u00e8ixer i sentir el Projecte John Talabot.[\/et_pb_blurb][\/et_pb_column][et_pb_column type=&#8221;1_4&#8243; _builder_version=&#8221;4.20.0&#8243; _module_preset=&#8221;default&#8221; global_colors_info=&#8221;{}&#8221;][et_pb_blurb title=&#8221;Step 3&#8243; image=&#8221;https:\/\/pruebas.prodex-informatica.com\/parapruebas2021\/wp-content\/uploads\/2023\/03\/moli-verd-sencer-ico.svg&#8221; module_class=&#8221;blurb-fons caixa-verda&#8221; _builder_version=&#8221;4.20.0&#8243; _module_preset=&#8221;default&#8221; global_colors_info=&#8221;{}&#8221;]<\/p>\n<p>Fer el tr\u00e0mit Oficial de preinscripci\u00f3 tal con indica el Departament d\u2019Educaci\u00f3: <a href=\"\/wp-content\/uploads\/2023\/03\/PREINS_23-24_English.pdf\" target=\"_blank\" rel=\"noopener\"><strong>clicka aqu\u00ed<\/strong><\/a>.<\/p>\n<p>[\/et_pb_blurb][\/et_pb_column][et_pb_column type=&#8221;1_4&#8243; _builder_version=&#8221;4.20.0&#8243; _module_preset=&#8221;default&#8221; global_colors_info=&#8221;{}&#8221;][\/et_pb_column][\/et_pb_row][et_pb_row _builder_version=&#8221;4.20.0&#8243; _module_preset=&#8221;default&#8221; custom_padding=&#8221;0px||||false|false&#8221; global_colors_info=&#8221;{}&#8221;][et_pb_column type=&#8221;4_4&#8243; _builder_version=&#8221;4.20.0&#8243; _module_preset=&#8221;default&#8221; global_colors_info=&#8221;{}&#8221;][et_pb_text _builder_version=&#8221;4.20.0&#8243; _module_preset=&#8221;default&#8221; global_colors_info=&#8221;{}&#8221;]<\/p>\n<p><a href=\"tel:34932123499\"><img loading=\"lazy\" decoding=\"async\" src=\"https:\/\/pruebas.prodex-informatica.com\/parapruebas2021\/wp-content\/uploads\/2023\/03\/contacto-phone-ico.svg\" width=\"80\" height=\"80\" alt=\"\" class=\"wp-image-728 alignnone size-medium\" \/><\/a><\/p>\n<p>&nbsp;<\/p>\n<h1 class=\"titular\">Formulari de contacte<\/h1>\n<p>[\/et_pb_text][et_pb_text _builder_version=&#8221;4.20.0&#8243; _module_preset=&#8221;default&#8221; global_colors_info=&#8221;{}&#8221;]<\/p>\n\n<div class=\"wpcf7 no-js\" id=\"wpcf7-f1283-o1\" lang=\"ca\" dir=\"ltr\" data-wpcf7-id=\"1283\">\n<div class=\"screen-reader-response\"><p role=\"status\" aria-live=\"polite\" aria-atomic=\"true\"><\/p> <ul><\/ul><\/div>\n<form action=\"\/parapruebas2021\/ca\/wp-json\/wp\/v2\/pages\/1106#wpcf7-f1283-o1\" method=\"post\" class=\"wpcf7-form init\" aria-label=\"Formulari de contacte\" novalidate=\"novalidate\" data-status=\"init\">\n<div style=\"display: none;\">\n<input type=\"hidden\" name=\"_wpcf7\" value=\"1283\" \/>\n<input type=\"hidden\" name=\"_wpcf7_version\" value=\"6.0\" \/>\n<input type=\"hidden\" name=\"_wpcf7_locale\" value=\"ca\" \/>\n<input type=\"hidden\" name=\"_wpcf7_unit_tag\" value=\"wpcf7-f1283-o1\" \/>\n<input type=\"hidden\" name=\"_wpcf7_container_post\" value=\"0\" \/>\n<input type=\"hidden\" name=\"_wpcf7_posted_data_hash\" value=\"\" \/>\n<\/div>\n<h3>Familia\/legal\n<\/h3>\n<div class=\"et_pb_row formulari_contacte\">\n\t<div class=\"et_pb_column et_pb_column_1_2\">\n\t\t<p><span class=\"wpcf7-form-control-wrap\" data-name=\"your-name\"><input size=\"40\" maxlength=\"400\" class=\"wpcf7-form-control wpcf7-text wpcf7-validates-as-required\" aria-required=\"true\" aria-invalid=\"false\" placeholder=\"Nom*\" value=\"\" type=\"text\" name=\"your-name\" \/><\/span>\n\t\t<\/p>\n\t<\/div>\n\t<div class=\"et_pb_column et_pb_column_1_2 et-last-child\">\n\t\t<p><span class=\"wpcf7-form-control-wrap\" data-name=\"your-surname\"><input size=\"40\" maxlength=\"400\" class=\"wpcf7-form-control wpcf7-text wpcf7-validates-as-required\" aria-required=\"true\" aria-invalid=\"false\" placeholder=\"Cognoms*\" value=\"\" type=\"text\" name=\"your-surname\" \/><\/span>\n\t\t<\/p>\n\t<\/div>\n<\/div>\n<div class=\"et_pb_row formulari_contacte\">\n\t<div class=\"et_pb_column et_pb_column_1_2\">\n\t\t<p><span class=\"wpcf7-form-control-wrap\" data-name=\"email\"><input size=\"40\" maxlength=\"400\" class=\"wpcf7-form-control wpcf7-email wpcf7-validates-as-required wpcf7-text wpcf7-validates-as-email\" aria-required=\"true\" aria-invalid=\"false\" placeholder=\"E-mail*\" value=\"\" type=\"email\" name=\"email\" \/><\/span>\n\t\t<\/p>\n\t<\/div>\n\t<div class=\"et_pb_column et_pb_column_1_2 et-last-child\">\n\t\t<p><span class=\"wpcf7-form-control-wrap\" data-name=\"telephone\"><input size=\"40\" maxlength=\"400\" class=\"wpcf7-form-control wpcf7-text wpcf7-validates-as-required\" aria-required=\"true\" aria-invalid=\"false\" placeholder=\"Tel\u00e8fon\" value=\"\" type=\"text\" name=\"telephone\" \/><\/span>\n\t\t<\/p>\n\t<\/div>\n<\/div>\n<div class=\"et_pb_row formulari_contacte\">\n\t<div class=\"et_pb_column et_pb_column_1_2\">\n\t\t<p><span class=\"wpcf7-form-control-wrap\" data-name=\"address\"><input size=\"40\" maxlength=\"400\" class=\"wpcf7-form-control wpcf7-text wpcf7-validates-as-required\" aria-required=\"true\" aria-invalid=\"false\" placeholder=\"Direcci\u00f3*\" value=\"\" type=\"text\" name=\"address\" \/><\/span>\n\t\t<\/p>\n\t<\/div>\n\t<div class=\"et_pb_column et_pb_column_1_2 et-last-child\">\n\t\t<p><span class=\"wpcf7-form-control-wrap\" data-name=\"post-code\"><input size=\"40\" maxlength=\"400\" class=\"wpcf7-form-control wpcf7-text wpcf7-validates-as-required\" aria-required=\"true\" aria-invalid=\"false\" placeholder=\"Codi postal*\" value=\"\" type=\"text\" name=\"post-code\" \/><\/span>\n\t\t<\/p>\n\t<\/div>\n<\/div>\n<div class=\"cf7-repeater-container\">\n\t<div id=\"repeater-575\" class=\"cf7-repeater\">\n\t\t<div class=\"cf7-repeater-input-c\">\n\t\t\t<p><input type=\"hidden\" class=\"cf7-repeater-input\" value=\"custom_repeater\" name=\"repeater-575\" id=\"cf7-repeater-575\" data-max=\"\" \/>\n\t\t\t<\/p>\n\t\t<\/div>\n\t\t<div class=\"cf7-repeater-filed cf7-repeater-filed1\">\n\t\t\t<h3>Estudiant\n\t\t\t<\/h3>\n\t\t\t<div class=\"et_pb_row formulari_contacte\">\n\t\t\t\t<div class=\"et_pb_column et_pb_column_1_2\">\n\t\t\t\t\t<p><span class=\"wpcf7-form-control-wrap\" data-name=\"first-name-child\"><input size=\"40\" maxlength=\"400\" class=\"wpcf7-form-control wpcf7-text wpcf7-validates-as-required\" aria-required=\"true\" aria-invalid=\"false\" placeholder=\"Nom *\" value=\"\" type=\"text\" name=\"first-name-child\" \/><\/span>\n\t\t\t\t\t<\/p>\n\t\t\t\t<\/div>\n\t\t\t\t<div class=\"et_pb_column et_pb_column_1_2 et-last-child\">\n\t\t\t\t\t<p><span class=\"wpcf7-form-control-wrap\" data-name=\"last-name-child\"><input size=\"40\" maxlength=\"400\" class=\"wpcf7-form-control wpcf7-text wpcf7-validates-as-required\" aria-required=\"true\" aria-invalid=\"false\" placeholder=\"Cognoms*\" value=\"\" type=\"text\" name=\"last-name-child\" \/><\/span>\n\t\t\t\t\t<\/p>\n\t\t\t\t<\/div>\n\t\t\t<\/div>\n\t\t\t<div class=\"et_pb_row formulari_contacte\">\n\t\t\t\t<div class=\"et_pb_column et_pb_column_1_2\">\n\t\t\t\t\t<p><span class=\"wpcf7-form-control-wrap\" data-name=\"year-birth-child\"><input class=\"wpcf7-form-control wpcf7-number wpcf7-validates-as-required wpcf7-validates-as-number\" aria-required=\"true\" aria-invalid=\"false\" placeholder=\"Any de naixement*\" value=\"\" type=\"number\" name=\"year-birth-child\" \/><\/span>\n\t\t\t\t\t<\/p>\n\t\t\t\t<\/div>\n\t\t\t<\/div>\n\t\t<\/div>\n\t<\/div>\n\t<div class=\"cf7-button-repeater\">\n\t\t<p><a data-current=\"1\" data-count=\"1\" data-max=\"\" href=\"#\">Add New<\/a>\n\t\t<\/p>\n\t<\/div>\n<\/div>\n<div class=\"et_pb_row formulari_contacte\">\n\t<div class=\"\">\n\t\t<p><span class=\"wpcf7-form-control-wrap\" data-name=\"comentaris\"><textarea cols=\"40\" rows=\"10\" maxlength=\"2000\" class=\"wpcf7-form-control wpcf7-textarea\" aria-invalid=\"false\" placeholder=\"Informaci\u00f3 addicional\" name=\"comentaris\"><\/textarea><\/span>\n\t\t<\/p>\n\t<\/div>\n<\/div>\n<div class=\"et_pb_row formulari_contacte\">\n\t<p><span class=\"wpcf7-form-control-wrap\" data-name=\"politica-privacitat\"><span class=\"wpcf7-form-control wpcf7-acceptance\"><span class=\"wpcf7-list-item\"><label><input type=\"checkbox\" name=\"politica-privacitat\" value=\"1\" aria-invalid=\"false\" \/><span class=\"wpcf7-list-item-label\">He llegit i accepto la pol\u00edtica de privacitat<\/span><\/label><\/span><\/span><\/span>\n\t<\/p>\n<\/div>\n<div class=\"et_pb_row formulari_contacte\">\n\t<p><input class=\"wpcf7-form-control wpcf7-submit has-spinner\" type=\"submit\" value=\"Enviar\" \/>\n\t<\/p>\n<\/div><div class=\"wpcf7-response-output\" aria-hidden=\"true\"><\/div>\n<\/form>\n<\/div>\n\n<p>[\/et_pb_text][et_pb_text _builder_version=&#8221;4.20.0&#8243; _module_preset=&#8221;default&#8221; global_colors_info=&#8221;{}&#8221;]<\/p>\n<h2>Consulta \u00c0rea de proximitat<\/h2>\n<p>Consulta \u00c0rea de proximitat <a href=\"https:\/\/www.edubcn.cat\/ca\/alumnat_i_familia\/informacio_general_matriculacio\/arees_influencia\/consulta_de_centres_educatius#\/cerca\" target=\"_blank\" rel=\"noopener\">clicka aqu\u00ed<\/a>[\/et_pb_text][\/et_pb_column][\/et_pb_row][\/et_pb_section]<\/p>\n","protected":false},"excerpt":{"rendered":"<p>Demana CitaDesitgem donar-vos personalment la benvinguda al nostre Col\u00b7legi. Creiem que la millor manera de descobrir, comprendre i sentir el nostre projecte educatiu aix\u00ed com l&#8217;ambient acollidor que acompanya el [&hellip;]<\/p>\n","protected":false},"author":1,"featured_media":3448,"parent":0,"menu_order":0,"comment_status":"closed","ping_status":"closed","template":"","meta":{"_et_pb_use_builder":"on","_et_pb_old_content":"","_et_gb_content_width":"","inline_featured_image":false,"footnotes":""},"class_list":["post-1106","page","type-page","status-publish","has-post-thumbnail","hentry"],"acf":[],"yoast_head":"<!-- This site is optimized with the Yoast SEO plugin v23.6 - https:\/\/yoast.com\/wordpress\/plugins\/seo\/ -->\n<title>Admissions Contact form - John Talabot School<\/title>\n<meta name=\"description\" content=\"Contact the school by: telephone, email or contact form in order to schedule a meeting with the School\u2019s Head Department.\" \/>\n<meta name=\"robots\" content=\"noindex, follow, max-snippet:-1, max-image-preview:large, max-video-preview:-1\" \/>\n<meta property=\"og:locale\" content=\"ca_ES\" \/>\n<meta property=\"og:type\" content=\"article\" \/>\n<meta property=\"og:title\" content=\"Admissions Contact form - John Talabot School\" \/>\n<meta property=\"og:description\" content=\"Contact the school by: telephone, email or contact form in order to schedule a meeting with the School\u2019s Head Department.\" \/>\n<meta property=\"og:url\" content=\"https:\/\/pruebas.prodex-informatica.com\/parapruebas2021\/admissions-contact-form\/\" \/>\n<meta property=\"og:site_name\" content=\"John Talabot School\" \/>\n<meta property=\"article:modified_time\" content=\"2023-04-14T09:02:56+00:00\" \/>\n<meta property=\"og:image\" content=\"https:\/\/pruebas.prodex-informatica.com\/parapruebas2021\/wp-content\/uploads\/2023\/03\/background-image3.webp\" \/>\n\t<meta property=\"og:image:width\" content=\"2000\" \/>\n\t<meta property=\"og:image:height\" content=\"746\" \/>\n\t<meta property=\"og:image:type\" content=\"image\/webp\" \/>\n<meta name=\"twitter:card\" content=\"summary_large_image\" \/>\n<meta name=\"twitter:label1\" content=\"Temps estimat de lectura\" \/>\n\t<meta name=\"twitter:data1\" content=\"1 minut\" \/>\n<script type=\"application\/ld+json\" class=\"yoast-schema-graph\">{\"@context\":\"https:\/\/schema.org\",\"@graph\":[{\"@type\":\"WebPage\",\"@id\":\"https:\/\/pruebas.prodex-informatica.com\/parapruebas2021\/admissions-contact-form\/\",\"url\":\"https:\/\/pruebas.prodex-informatica.com\/parapruebas2021\/admissions-contact-form\/\",\"name\":\"Admissions Contact form - John Talabot School\",\"isPartOf\":{\"@id\":\"https:\/\/pruebas.prodex-informatica.com\/parapruebas2021\/#website\"},\"primaryImageOfPage\":{\"@id\":\"https:\/\/pruebas.prodex-informatica.com\/parapruebas2021\/admissions-contact-form\/#primaryimage\"},\"image\":{\"@id\":\"https:\/\/pruebas.prodex-informatica.com\/parapruebas2021\/admissions-contact-form\/#primaryimage\"},\"thumbnailUrl\":\"https:\/\/pruebas.prodex-informatica.com\/parapruebas2021\/wp-content\/uploads\/2024\/10\/DSC_0841-1-scaled.jpg\",\"datePublished\":\"2023-03-13T05:40:03+00:00\",\"dateModified\":\"2023-04-14T09:02:56+00:00\",\"description\":\"Contact the school by: telephone, email or contact form in order to schedule a meeting with the School\u2019s Head Department.\",\"breadcrumb\":{\"@id\":\"https:\/\/pruebas.prodex-informatica.com\/parapruebas2021\/admissions-contact-form\/#breadcrumb\"},\"inLanguage\":\"ca\",\"potentialAction\":[{\"@type\":\"ReadAction\",\"target\":[\"https:\/\/pruebas.prodex-informatica.com\/parapruebas2021\/admissions-contact-form\/\"]}]},{\"@type\":\"ImageObject\",\"inLanguage\":\"ca\",\"@id\":\"https:\/\/pruebas.prodex-informatica.com\/parapruebas2021\/admissions-contact-form\/#primaryimage\",\"url\":\"https:\/\/pruebas.prodex-informatica.com\/parapruebas2021\/wp-content\/uploads\/2024\/10\/DSC_0841-1-scaled.jpg\",\"contentUrl\":\"https:\/\/pruebas.prodex-informatica.com\/parapruebas2021\/wp-content\/uploads\/2024\/10\/DSC_0841-1-scaled.jpg\",\"width\":2560,\"height\":1309},{\"@type\":\"BreadcrumbList\",\"@id\":\"https:\/\/pruebas.prodex-informatica.com\/parapruebas2021\/admissions-contact-form\/#breadcrumb\",\"itemListElement\":[{\"@type\":\"ListItem\",\"position\":1,\"name\":\"Home\",\"item\":\"https:\/\/pruebas.prodex-informatica.com\/parapruebas2021\/\"},{\"@type\":\"ListItem\",\"position\":2,\"name\":\"Admissions Contact form\"}]},{\"@type\":\"WebSite\",\"@id\":\"https:\/\/pruebas.prodex-informatica.com\/parapruebas2021\/#website\",\"url\":\"https:\/\/pruebas.prodex-informatica.com\/parapruebas2021\/\",\"name\":\"John Talabot School\",\"description\":\"\",\"publisher\":{\"@id\":\"https:\/\/pruebas.prodex-informatica.com\/parapruebas2021\/#organization\"},\"potentialAction\":[{\"@type\":\"SearchAction\",\"target\":{\"@type\":\"EntryPoint\",\"urlTemplate\":\"https:\/\/pruebas.prodex-informatica.com\/parapruebas2021\/?s={search_term_string}\"},\"query-input\":{\"@type\":\"PropertyValueSpecification\",\"valueRequired\":true,\"valueName\":\"search_term_string\"}}],\"inLanguage\":\"ca\"},{\"@type\":\"Organization\",\"@id\":\"https:\/\/pruebas.prodex-informatica.com\/parapruebas2021\/#organization\",\"name\":\"John Talabot School Barcelona\",\"alternateName\":\"John Talabot\",\"url\":\"https:\/\/pruebas.prodex-informatica.com\/parapruebas2021\/\",\"logo\":{\"@type\":\"ImageObject\",\"inLanguage\":\"ca\",\"@id\":\"https:\/\/pruebas.prodex-informatica.com\/parapruebas2021\/#\/schema\/logo\/image\/\",\"url\":\"https:\/\/pruebas.prodex-informatica.com\/parapruebas2021\/wp-content\/uploads\/2023\/03\/john-talabol-logo-q.webp\",\"contentUrl\":\"https:\/\/pruebas.prodex-informatica.com\/parapruebas2021\/wp-content\/uploads\/2023\/03\/john-talabol-logo-q.webp\",\"width\":550,\"height\":550,\"caption\":\"John Talabot School Barcelona\"},\"image\":{\"@id\":\"https:\/\/pruebas.prodex-informatica.com\/parapruebas2021\/#\/schema\/logo\/image\/\"}}]}<\/script>\n<!-- \/ Yoast SEO plugin. -->","yoast_head_json":{"title":"Admissions Contact form - John Talabot School","description":"Contact the school by: telephone, email or contact form in order to schedule a meeting with the School\u2019s Head Department.","robots":{"index":"noindex","follow":"follow","max-snippet":"max-snippet:-1","max-image-preview":"max-image-preview:large","max-video-preview":"max-video-preview:-1"},"og_locale":"ca_ES","og_type":"article","og_title":"Admissions Contact form - John Talabot School","og_description":"Contact the school by: telephone, email or contact form in order to schedule a meeting with the School\u2019s Head Department.","og_url":"https:\/\/pruebas.prodex-informatica.com\/parapruebas2021\/admissions-contact-form\/","og_site_name":"John Talabot School","article_modified_time":"2023-04-14T09:02:56+00:00","og_image":[{"width":2000,"height":746,"url":"https:\/\/pruebas.prodex-informatica.com\/parapruebas2021\/wp-content\/uploads\/2023\/03\/background-image3.webp","type":"image\/webp"}],"twitter_card":"summary_large_image","twitter_misc":{"Temps estimat de lectura":"1 minut"},"schema":{"@context":"https:\/\/schema.org","@graph":[{"@type":"WebPage","@id":"https:\/\/pruebas.prodex-informatica.com\/parapruebas2021\/admissions-contact-form\/","url":"https:\/\/pruebas.prodex-informatica.com\/parapruebas2021\/admissions-contact-form\/","name":"Admissions Contact form - John Talabot School","isPartOf":{"@id":"https:\/\/pruebas.prodex-informatica.com\/parapruebas2021\/#website"},"primaryImageOfPage":{"@id":"https:\/\/pruebas.prodex-informatica.com\/parapruebas2021\/admissions-contact-form\/#primaryimage"},"image":{"@id":"https:\/\/pruebas.prodex-informatica.com\/parapruebas2021\/admissions-contact-form\/#primaryimage"},"thumbnailUrl":"https:\/\/pruebas.prodex-informatica.com\/parapruebas2021\/wp-content\/uploads\/2024\/10\/DSC_0841-1-scaled.jpg","datePublished":"2023-03-13T05:40:03+00:00","dateModified":"2023-04-14T09:02:56+00:00","description":"Contact the school by: telephone, email or contact form in order to schedule a meeting with the School\u2019s Head Department.","breadcrumb":{"@id":"https:\/\/pruebas.prodex-informatica.com\/parapruebas2021\/admissions-contact-form\/#breadcrumb"},"inLanguage":"ca","potentialAction":[{"@type":"ReadAction","target":["https:\/\/pruebas.prodex-informatica.com\/parapruebas2021\/admissions-contact-form\/"]}]},{"@type":"ImageObject","inLanguage":"ca","@id":"https:\/\/pruebas.prodex-informatica.com\/parapruebas2021\/admissions-contact-form\/#primaryimage","url":"https:\/\/pruebas.prodex-informatica.com\/parapruebas2021\/wp-content\/uploads\/2024\/10\/DSC_0841-1-scaled.jpg","contentUrl":"https:\/\/pruebas.prodex-informatica.com\/parapruebas2021\/wp-content\/uploads\/2024\/10\/DSC_0841-1-scaled.jpg","width":2560,"height":1309},{"@type":"BreadcrumbList","@id":"https:\/\/pruebas.prodex-informatica.com\/parapruebas2021\/admissions-contact-form\/#breadcrumb","itemListElement":[{"@type":"ListItem","position":1,"name":"Home","item":"https:\/\/pruebas.prodex-informatica.com\/parapruebas2021\/"},{"@type":"ListItem","position":2,"name":"Admissions Contact form"}]},{"@type":"WebSite","@id":"https:\/\/pruebas.prodex-informatica.com\/parapruebas2021\/#website","url":"https:\/\/pruebas.prodex-informatica.com\/parapruebas2021\/","name":"John Talabot School","description":"","publisher":{"@id":"https:\/\/pruebas.prodex-informatica.com\/parapruebas2021\/#organization"},"potentialAction":[{"@type":"SearchAction","target":{"@type":"EntryPoint","urlTemplate":"https:\/\/pruebas.prodex-informatica.com\/parapruebas2021\/?s={search_term_string}"},"query-input":{"@type":"PropertyValueSpecification","valueRequired":true,"valueName":"search_term_string"}}],"inLanguage":"ca"},{"@type":"Organization","@id":"https:\/\/pruebas.prodex-informatica.com\/parapruebas2021\/#organization","name":"John Talabot School Barcelona","alternateName":"John Talabot","url":"https:\/\/pruebas.prodex-informatica.com\/parapruebas2021\/","logo":{"@type":"ImageObject","inLanguage":"ca","@id":"https:\/\/pruebas.prodex-informatica.com\/parapruebas2021\/#\/schema\/logo\/image\/","url":"https:\/\/pruebas.prodex-informatica.com\/parapruebas2021\/wp-content\/uploads\/2023\/03\/john-talabol-logo-q.webp","contentUrl":"https:\/\/pruebas.prodex-informatica.com\/parapruebas2021\/wp-content\/uploads\/2023\/03\/john-talabol-logo-q.webp","width":550,"height":550,"caption":"John Talabot School Barcelona"},"image":{"@id":"https:\/\/pruebas.prodex-informatica.com\/parapruebas2021\/#\/schema\/logo\/image\/"}}]}},"_links":{"self":[{"href":"https:\/\/pruebas.prodex-informatica.com\/parapruebas2021\/ca\/wp-json\/wp\/v2\/pages\/1106","targetHints":{"allow":["GET"]}}],"collection":[{"href":"https:\/\/pruebas.prodex-informatica.com\/parapruebas2021\/ca\/wp-json\/wp\/v2\/pages"}],"about":[{"href":"https:\/\/pruebas.prodex-informatica.com\/parapruebas2021\/ca\/wp-json\/wp\/v2\/types\/page"}],"author":[{"embeddable":true,"href":"https:\/\/pruebas.prodex-informatica.com\/parapruebas2021\/ca\/wp-json\/wp\/v2\/users\/1"}],"replies":[{"embeddable":true,"href":"https:\/\/pruebas.prodex-informatica.com\/parapruebas2021\/ca\/wp-json\/wp\/v2\/comments?post=1106"}],"version-history":[{"count":2,"href":"https:\/\/pruebas.prodex-informatica.com\/parapruebas2021\/ca\/wp-json\/wp\/v2\/pages\/1106\/revisions"}],"predecessor-version":[{"id":1280,"href":"https:\/\/pruebas.prodex-informatica.com\/parapruebas2021\/ca\/wp-json\/wp\/v2\/pages\/1106\/revisions\/1280"}],"wp:featuredmedia":[{"embeddable":true,"href":"https:\/\/pruebas.prodex-informatica.com\/parapruebas2021\/ca\/wp-json\/wp\/v2\/media\/3448"}],"wp:attachment":[{"href":"https:\/\/pruebas.prodex-informatica.com\/parapruebas2021\/ca\/wp-json\/wp\/v2\/media?parent=1106"}],"curies":[{"name":"wp","href":"https:\/\/api.w.org\/{rel}","templated":true}]}}