{"id":1098,"date":"2023-03-24T07:49:52","date_gmt":"2023-03-24T05:49:52","guid":{"rendered":"https:\/\/pruebas.prodex-informatica.com\/parapruebas2021\/summer-day-camp\/"},"modified":"2023-04-07T17:18:28","modified_gmt":"2023-04-07T15:18:28","slug":"summer-day-camp","status":"publish","type":"page","link":"https:\/\/pruebas.prodex-informatica.com\/parapruebas2021\/ca\/summer-day-camp\/","title":{"rendered":"Summer Day Camp"},"content":{"rendered":"<p>[et_pb_section fb_built=&#8221;1&#8243; _builder_version=&#8221;4.20.0&#8243; _module_preset=&#8221;default&#8221; global_colors_info=&#8221;{}&#8221;][et_pb_row _builder_version=&#8221;4.20.0&#8243; _module_preset=&#8221;default&#8221; global_colors_info=&#8221;{}&#8221;][et_pb_column type=&#8221;4_4&#8243; _builder_version=&#8221;4.20.0&#8243; _module_preset=&#8221;default&#8221; global_colors_info=&#8221;{}&#8221;][et_pb_text _builder_version=&#8221;4.20.0&#8243; _module_preset=&#8221;default&#8221; hover_enabled=&#8221;0&#8243; global_colors_info=&#8221;{}&#8221; sticky_enabled=&#8221;0&#8243;]<\/p>\n<h1>Summer Day Camp<\/h1>\n<p>En el marc del nostre programa de serveis a les fam\u00edlies oferim un Summer Day Camp personalitzat, divertit i estimulant que es duu a terme al campus de la nostra escola tant per al nostre alumnat John Talabot com per a participants externs.<\/p>\n<p>\u00c9s un programa de dia complet de dilluns a divendres. El mateix equip de parla anglesa del centre organitza un programa d&#8217;estiu divertit per promoure i maximitzar l&#8217;experi\u00e8ncia l\u00fadica i d&#8217;\u00fas de l&#8217;angl\u00e8s<\/p>\n<p>El Summer Day Camp s&#8217;organitza espec\u00edficament per a nens i nenes entre 3 i 6 anys. Durant tres setmanes el programa inclou classes de nataci\u00f3 i una s\u00e8rie de divertides i emocionants activitats estiuenques organitzades pel nostre experimentat equip escolar, en un ambient familiar molt dist\u00e8s.<\/p>\n<p>S&#8217;organitza al nostre recinte escolar, un entorn totalment pensat i dissenyat perqu\u00e8 els m\u00e9s petits se sentin m\u00e9s relaxats aix\u00ed com facilitar als participants externs que s&#8217;adaptin com m\u00e9s aviat millor a la seva nova rutina i grup.<\/p>\n<p>L&#8217;\u00e8xit del nostre Summer Camp \u00e9s l&#8217;ambient familiar i experi\u00e8ncia tranquil\u00b7la i positiva, per tant, mantenim un nombre de places limitades.<\/p>\n<p>Si est\u00e0s interessat\/da en rebre m\u00e9s informaci\u00f3, contacta amb la nostra coordinadora del programa.<\/p>\n<h2>M\u00e9s informaci\u00f3<\/h2>\n<p><a href=\"mailto:eizquierdo@johntalabot.com?subject=SUMMER CAMP\">eizquierdo@johntalabot.com<\/a><\/p>\n<p>[\/et_pb_text][\/et_pb_column][\/et_pb_row][\/et_pb_section]<\/p>\n","protected":false},"excerpt":{"rendered":"<p>Summer Day Camp En el marc del nostre programa de serveis a les fam\u00edlies oferim un Summer Day Camp personalitzat, divertit i estimulant que es duu a terme al campus [&hellip;]<\/p>\n","protected":false},"author":1,"featured_media":1498,"parent":0,"menu_order":0,"comment_status":"closed","ping_status":"closed","template":"","meta":{"_et_pb_use_builder":"on","_et_pb_old_content":"","_et_gb_content_width":"","inline_featured_image":false,"footnotes":""},"class_list":["post-1098","page","type-page","status-publish","has-post-thumbnail","hentry"],"acf":[],"yoast_head":"<!-- This site is optimized with the Yoast SEO plugin v23.6 - https:\/\/yoast.com\/wordpress\/plugins\/seo\/ -->\n<title>Summer Day Camp - John Talabot School<\/title>\n<meta name=\"robots\" content=\"noindex, follow, max-snippet:-1, max-image-preview:large, max-video-preview:-1\" \/>\n<meta property=\"og:locale\" content=\"ca_ES\" \/>\n<meta property=\"og:type\" content=\"article\" \/>\n<meta property=\"og:title\" content=\"Summer Day Camp - John Talabot School\" \/>\n<meta property=\"og:description\" content=\"Summer Day Camp En el marc del nostre programa de serveis a les fam\u00edlies oferim un Summer Day Camp personalitzat, divertit i estimulant que es duu a terme al campus [&hellip;]\" \/>\n<meta property=\"og:url\" content=\"https:\/\/pruebas.prodex-informatica.com\/parapruebas2021\/ca\/summer-day-camp\/\" \/>\n<meta property=\"og:site_name\" content=\"John Talabot School\" \/>\n<meta property=\"article:modified_time\" content=\"2023-04-07T15:18:28+00:00\" \/>\n<meta property=\"og:image\" content=\"https:\/\/pruebas.prodex-informatica.com\/parapruebas2021\/wp-content\/uploads\/2023\/03\/background-image10.webp\" \/>\n\t<meta property=\"og:image:width\" content=\"2000\" \/>\n\t<meta property=\"og:image:height\" content=\"746\" \/>\n\t<meta property=\"og:image:type\" content=\"image\/webp\" \/>\n<meta name=\"twitter:card\" content=\"summary_large_image\" \/>\n<script type=\"application\/ld+json\" class=\"yoast-schema-graph\">{\"@context\":\"https:\/\/schema.org\",\"@graph\":[{\"@type\":\"WebPage\",\"@id\":\"https:\/\/pruebas.prodex-informatica.com\/parapruebas2021\/ca\/summer-day-camp\/\",\"url\":\"https:\/\/pruebas.prodex-informatica.com\/parapruebas2021\/ca\/summer-day-camp\/\",\"name\":\"Summer Day Camp - John Talabot School\",\"isPartOf\":{\"@id\":\"https:\/\/pruebas.prodex-informatica.com\/parapruebas2021\/#website\"},\"primaryImageOfPage\":{\"@id\":\"https:\/\/pruebas.prodex-informatica.com\/parapruebas2021\/ca\/summer-day-camp\/#primaryimage\"},\"image\":{\"@id\":\"https:\/\/pruebas.prodex-informatica.com\/parapruebas2021\/ca\/summer-day-camp\/#primaryimage\"},\"thumbnailUrl\":\"https:\/\/pruebas.prodex-informatica.com\/parapruebas2021\/wp-content\/uploads\/2023\/11\/20231003_135956-scaled-e1700135411225.jpg\",\"datePublished\":\"2023-03-24T05:49:52+00:00\",\"dateModified\":\"2023-04-07T15:18:28+00:00\",\"breadcrumb\":{\"@id\":\"https:\/\/pruebas.prodex-informatica.com\/parapruebas2021\/ca\/summer-day-camp\/#breadcrumb\"},\"inLanguage\":\"ca\",\"potentialAction\":[{\"@type\":\"ReadAction\",\"target\":[\"https:\/\/pruebas.prodex-informatica.com\/parapruebas2021\/ca\/summer-day-camp\/\"]}]},{\"@type\":\"ImageObject\",\"inLanguage\":\"ca\",\"@id\":\"https:\/\/pruebas.prodex-informatica.com\/parapruebas2021\/ca\/summer-day-camp\/#primaryimage\",\"url\":\"https:\/\/pruebas.prodex-informatica.com\/parapruebas2021\/wp-content\/uploads\/2023\/11\/20231003_135956-scaled-e1700135411225.jpg\",\"contentUrl\":\"https:\/\/pruebas.prodex-informatica.com\/parapruebas2021\/wp-content\/uploads\/2023\/11\/20231003_135956-scaled-e1700135411225.jpg\",\"width\":2560,\"height\":2560},{\"@type\":\"BreadcrumbList\",\"@id\":\"https:\/\/pruebas.prodex-informatica.com\/parapruebas2021\/ca\/summer-day-camp\/#breadcrumb\",\"itemListElement\":[{\"@type\":\"ListItem\",\"position\":1,\"name\":\"Home\",\"item\":\"https:\/\/pruebas.prodex-informatica.com\/parapruebas2021\/\"},{\"@type\":\"ListItem\",\"position\":2,\"name\":\"Summer Day Camp\"}]},{\"@type\":\"WebSite\",\"@id\":\"https:\/\/pruebas.prodex-informatica.com\/parapruebas2021\/#website\",\"url\":\"https:\/\/pruebas.prodex-informatica.com\/parapruebas2021\/\",\"name\":\"John Talabot School\",\"description\":\"\",\"publisher\":{\"@id\":\"https:\/\/pruebas.prodex-informatica.com\/parapruebas2021\/#organization\"},\"potentialAction\":[{\"@type\":\"SearchAction\",\"target\":{\"@type\":\"EntryPoint\",\"urlTemplate\":\"https:\/\/pruebas.prodex-informatica.com\/parapruebas2021\/?s={search_term_string}\"},\"query-input\":{\"@type\":\"PropertyValueSpecification\",\"valueRequired\":true,\"valueName\":\"search_term_string\"}}],\"inLanguage\":\"ca\"},{\"@type\":\"Organization\",\"@id\":\"https:\/\/pruebas.prodex-informatica.com\/parapruebas2021\/#organization\",\"name\":\"John Talabot School Barcelona\",\"alternateName\":\"John Talabot\",\"url\":\"https:\/\/pruebas.prodex-informatica.com\/parapruebas2021\/\",\"logo\":{\"@type\":\"ImageObject\",\"inLanguage\":\"ca\",\"@id\":\"https:\/\/pruebas.prodex-informatica.com\/parapruebas2021\/#\/schema\/logo\/image\/\",\"url\":\"https:\/\/pruebas.prodex-informatica.com\/parapruebas2021\/wp-content\/uploads\/2023\/03\/john-talabol-logo-q.webp\",\"contentUrl\":\"https:\/\/pruebas.prodex-informatica.com\/parapruebas2021\/wp-content\/uploads\/2023\/03\/john-talabol-logo-q.webp\",\"width\":550,\"height\":550,\"caption\":\"John Talabot School Barcelona\"},\"image\":{\"@id\":\"https:\/\/pruebas.prodex-informatica.com\/parapruebas2021\/#\/schema\/logo\/image\/\"}}]}<\/script>\n<!-- \/ Yoast SEO plugin. -->","yoast_head_json":{"title":"Summer Day Camp - John Talabot School","robots":{"index":"noindex","follow":"follow","max-snippet":"max-snippet:-1","max-image-preview":"max-image-preview:large","max-video-preview":"max-video-preview:-1"},"og_locale":"ca_ES","og_type":"article","og_title":"Summer Day Camp - John Talabot School","og_description":"Summer Day Camp En el marc del nostre programa de serveis a les fam\u00edlies oferim un Summer Day Camp personalitzat, divertit i estimulant que es duu a terme al campus [&hellip;]","og_url":"https:\/\/pruebas.prodex-informatica.com\/parapruebas2021\/ca\/summer-day-camp\/","og_site_name":"John Talabot School","article_modified_time":"2023-04-07T15:18:28+00:00","og_image":[{"width":2000,"height":746,"url":"https:\/\/pruebas.prodex-informatica.com\/parapruebas2021\/wp-content\/uploads\/2023\/03\/background-image10.webp","type":"image\/webp"}],"twitter_card":"summary_large_image","schema":{"@context":"https:\/\/schema.org","@graph":[{"@type":"WebPage","@id":"https:\/\/pruebas.prodex-informatica.com\/parapruebas2021\/ca\/summer-day-camp\/","url":"https:\/\/pruebas.prodex-informatica.com\/parapruebas2021\/ca\/summer-day-camp\/","name":"Summer Day Camp - John Talabot School","isPartOf":{"@id":"https:\/\/pruebas.prodex-informatica.com\/parapruebas2021\/#website"},"primaryImageOfPage":{"@id":"https:\/\/pruebas.prodex-informatica.com\/parapruebas2021\/ca\/summer-day-camp\/#primaryimage"},"image":{"@id":"https:\/\/pruebas.prodex-informatica.com\/parapruebas2021\/ca\/summer-day-camp\/#primaryimage"},"thumbnailUrl":"https:\/\/pruebas.prodex-informatica.com\/parapruebas2021\/wp-content\/uploads\/2023\/11\/20231003_135956-scaled-e1700135411225.jpg","datePublished":"2023-03-24T05:49:52+00:00","dateModified":"2023-04-07T15:18:28+00:00","breadcrumb":{"@id":"https:\/\/pruebas.prodex-informatica.com\/parapruebas2021\/ca\/summer-day-camp\/#breadcrumb"},"inLanguage":"ca","potentialAction":[{"@type":"ReadAction","target":["https:\/\/pruebas.prodex-informatica.com\/parapruebas2021\/ca\/summer-day-camp\/"]}]},{"@type":"ImageObject","inLanguage":"ca","@id":"https:\/\/pruebas.prodex-informatica.com\/parapruebas2021\/ca\/summer-day-camp\/#primaryimage","url":"https:\/\/pruebas.prodex-informatica.com\/parapruebas2021\/wp-content\/uploads\/2023\/11\/20231003_135956-scaled-e1700135411225.jpg","contentUrl":"https:\/\/pruebas.prodex-informatica.com\/parapruebas2021\/wp-content\/uploads\/2023\/11\/20231003_135956-scaled-e1700135411225.jpg","width":2560,"height":2560},{"@type":"BreadcrumbList","@id":"https:\/\/pruebas.prodex-informatica.com\/parapruebas2021\/ca\/summer-day-camp\/#breadcrumb","itemListElement":[{"@type":"ListItem","position":1,"name":"Home","item":"https:\/\/pruebas.prodex-informatica.com\/parapruebas2021\/"},{"@type":"ListItem","position":2,"name":"Summer Day Camp"}]},{"@type":"WebSite","@id":"https:\/\/pruebas.prodex-informatica.com\/parapruebas2021\/#website","url":"https:\/\/pruebas.prodex-informatica.com\/parapruebas2021\/","name":"John Talabot School","description":"","publisher":{"@id":"https:\/\/pruebas.prodex-informatica.com\/parapruebas2021\/#organization"},"potentialAction":[{"@type":"SearchAction","target":{"@type":"EntryPoint","urlTemplate":"https:\/\/pruebas.prodex-informatica.com\/parapruebas2021\/?s={search_term_string}"},"query-input":{"@type":"PropertyValueSpecification","valueRequired":true,"valueName":"search_term_string"}}],"inLanguage":"ca"},{"@type":"Organization","@id":"https:\/\/pruebas.prodex-informatica.com\/parapruebas2021\/#organization","name":"John Talabot School Barcelona","alternateName":"John Talabot","url":"https:\/\/pruebas.prodex-informatica.com\/parapruebas2021\/","logo":{"@type":"ImageObject","inLanguage":"ca","@id":"https:\/\/pruebas.prodex-informatica.com\/parapruebas2021\/#\/schema\/logo\/image\/","url":"https:\/\/pruebas.prodex-informatica.com\/parapruebas2021\/wp-content\/uploads\/2023\/03\/john-talabol-logo-q.webp","contentUrl":"https:\/\/pruebas.prodex-informatica.com\/parapruebas2021\/wp-content\/uploads\/2023\/03\/john-talabol-logo-q.webp","width":550,"height":550,"caption":"John Talabot School Barcelona"},"image":{"@id":"https:\/\/pruebas.prodex-informatica.com\/parapruebas2021\/#\/schema\/logo\/image\/"}}]}},"_links":{"self":[{"href":"https:\/\/pruebas.prodex-informatica.com\/parapruebas2021\/ca\/wp-json\/wp\/v2\/pages\/1098","targetHints":{"allow":["GET"]}}],"collection":[{"href":"https:\/\/pruebas.prodex-informatica.com\/parapruebas2021\/ca\/wp-json\/wp\/v2\/pages"}],"about":[{"href":"https:\/\/pruebas.prodex-informatica.com\/parapruebas2021\/ca\/wp-json\/wp\/v2\/types\/page"}],"author":[{"embeddable":true,"href":"https:\/\/pruebas.prodex-informatica.com\/parapruebas2021\/ca\/wp-json\/wp\/v2\/users\/1"}],"replies":[{"embeddable":true,"href":"https:\/\/pruebas.prodex-informatica.com\/parapruebas2021\/ca\/wp-json\/wp\/v2\/comments?post=1098"}],"version-history":[{"count":1,"href":"https:\/\/pruebas.prodex-informatica.com\/parapruebas2021\/ca\/wp-json\/wp\/v2\/pages\/1098\/revisions"}],"predecessor-version":[{"id":1100,"href":"https:\/\/pruebas.prodex-informatica.com\/parapruebas2021\/ca\/wp-json\/wp\/v2\/pages\/1098\/revisions\/1100"}],"wp:featuredmedia":[{"embeddable":true,"href":"https:\/\/pruebas.prodex-informatica.com\/parapruebas2021\/ca\/wp-json\/wp\/v2\/media\/1498"}],"wp:attachment":[{"href":"https:\/\/pruebas.prodex-informatica.com\/parapruebas2021\/ca\/wp-json\/wp\/v2\/media?parent=1098"}],"curies":[{"name":"wp","href":"https:\/\/api.w.org\/{rel}","templated":true}]}}