{"id":1091,"date":"2023-03-19T20:35:26","date_gmt":"2023-03-19T18:35:26","guid":{"rendered":"https:\/\/pruebas.prodex-informatica.com\/parapruebas2021\/school-bus\/"},"modified":"2024-09-30T13:32:05","modified_gmt":"2024-09-30T11:32:05","slug":"autocar-escolar","status":"publish","type":"page","link":"https:\/\/pruebas.prodex-informatica.com\/parapruebas2021\/ca\/autocar-escolar\/","title":{"rendered":"Autocar escolar"},"content":{"rendered":"<p>[et_pb_section fb_built=&#8221;1&#8243; _builder_version=&#8221;4.20.0&#8243; _module_preset=&#8221;default&#8221; global_colors_info=&#8221;{}&#8221;][et_pb_row _builder_version=&#8221;4.20.0&#8243; _module_preset=&#8221;default&#8221; custom_padding=&#8221;||0px||false|false&#8221; global_colors_info=&#8221;{}&#8221;][et_pb_column type=&#8221;4_4&#8243; _builder_version=&#8221;4.20.0&#8243; _module_preset=&#8221;default&#8221; global_colors_info=&#8221;{}&#8221;][et_pb_text _builder_version=&#8221;4.20.0&#8243; _module_preset=&#8221;default&#8221; global_colors_info=&#8221;{}&#8221;]<\/p>\n<h1>Autocar escolar<\/h1>\n<p>John Talabot ofereix un servei d&#8217;autob\u00fas escolar amb una ruta preestablerta des de P3 fins a 6\u00ba Prim\u00e0ria. Els alumnes reben el mateix tracte personalitzat a la ruta que tenen a l&#8217;escola. El monitor\/a de l&#8217;autob\u00fas atendr\u00e0 les necessitats que sorgeixin per als alumnes i les fam\u00edlies.[\/et_pb_text][et_pb_text _builder_version=&#8221;4.27.0&#8243; _module_preset=&#8221;default&#8221; hover_enabled=&#8221;0&#8243; global_colors_info=&#8221;{}&#8221; sticky_enabled=&#8221;0&#8243;]<\/p>\n<h2>Contacte<\/h2>\n<p><strong>BELVA BUS, SL<\/strong><br \/>\nTel. 93 421 63 54<br \/>\nM\u00f2bil 610 21 66 46 <a href=\"mailto:comercial@belvabus.com\">comercial@belvabus.com<\/a><\/p>\n<p>&nbsp;<\/p>\n<h2>Rutes autocar escolar 2024\/25<\/h2>\n<p>[\/et_pb_text][\/et_pb_column][\/et_pb_row][et_pb_row column_structure=&#8221;1_2,1_2&#8243; _builder_version=&#8221;4.20.0&#8243; _module_preset=&#8221;default&#8221; global_colors_info=&#8221;{}&#8221;][et_pb_column type=&#8221;1_2&#8243; _builder_version=&#8221;4.20.0&#8243; _module_preset=&#8221;default&#8221; global_colors_info=&#8221;{}&#8221;][et_pb_text module_class=&#8221;caixa fons-vermell enumeracio&#8221; _builder_version=&#8221;4.20.0&#8243; _module_preset=&#8221;default&#8221; max_width=&#8221;180px&#8221; global_colors_info=&#8221;{}&#8221;]<span class=\"numero\">01<\/span>[\/et_pb_text][et_pb_text _builder_version=&#8221;4.27.0&#8243; _module_preset=&#8221;default&#8221; global_colors_info=&#8221;{}&#8221;]<\/p>\n<p><strong>Matins<\/strong><\/p>\n<table class=\"taula_vermella\">\n<tbody>\n<tr>\n<td><strong>01 &#8211; 07:35h &#8211;<\/strong> Carretera de Collblanc, 165<\/td>\n<\/tr>\n<tr>\n<td><strong>02<\/strong> <strong>&#8211; 07:40h &#8211;<\/strong> Avda. Madrid \/ Joan G\u00fcell<\/td>\n<\/tr>\n<tr>\n<td><strong>03<\/strong> <strong>&#8211; 07:43h &#8211; <\/strong>Par\u00eds, 42<\/td>\n<\/tr>\n<tr>\n<td><strong>04<\/strong> <strong>&#8211; 07:50h &#8211;<\/strong> Viladomat \/ Diputaci\u00f3<\/td>\n<\/tr>\n<tr>\n<td><strong>05<\/strong> <strong>&#8211; 07:55h &#8211;<\/strong> Sep\u00falveda \/ Casanova<\/td>\n<\/tr>\n<tr>\n<td><strong>06<\/strong> <strong>&#8211; 08:05h &#8211;<\/strong> Casanova\/ C\u00f2rsega<\/td>\n<\/tr>\n<tr>\n<td><strong>07<\/strong> <strong>&#8211; 08:10h &#8211;<\/strong> Santal\u00f3 \/ Avenir<\/td>\n<\/tr>\n<tr>\n<td><strong>08<\/strong> <strong>&#8211; 08:10h &#8211;<\/strong> Santal\u00f3 (davant mercat)<\/td>\n<\/tr>\n<tr>\n<td><strong>09<\/strong> <strong>&#8211; 08:15h<\/strong> <strong>&#8211;<\/strong> Mandri \/ Bisbe Sivilla<\/td>\n<\/tr>\n<tr>\n<td><strong>10 &#8211; 08:15h <\/strong>&#8211; Mandri \/ Ma\u00f3<\/td>\n<\/tr>\n<\/tbody>\n<\/table>\n<p><strong>Tardes<\/strong><\/p>\n<table class=\"taula_vermella\">\n<tbody>\n<tr>\n<td><strong>01<\/strong> <strong>&#8211; 17:05h &#8211;<\/strong>\u00a0 Cardenal Reig, 10<\/td>\n<\/tr>\n<tr>\n<td><strong>02<\/strong> <strong>&#8211; 17:15h &#8211;<\/strong> Travessera de les Corts \/ Joan G\u00fcell<\/td>\n<\/tr>\n<tr>\n<td><strong>03<\/strong> <strong>&#8211; 17:15h &#8211;<\/strong> Travessera de les Corts \/ Num\u00e0ncia<\/td>\n<\/tr>\n<tr>\n<td><strong>04<\/strong> <strong>&#8211; 17:20h &#8211;<\/strong> Berlin, 42<\/td>\n<\/tr>\n<tr>\n<td><strong>05<\/strong> <strong>&#8211; 17:25h &#8211;<\/strong> Paris \/ Villaroel<\/td>\n<\/tr>\n<tr>\n<td><strong>06<\/strong> <strong>&#8211; 17:25h &#8211;<\/strong> Paris \/ Muntaner<\/td>\n<\/tr>\n<tr>\n<td><strong>07<\/strong> <strong>&#8211; 17:32h &#8211;<\/strong> Muntaner, 159<\/td>\n<\/tr>\n<tr>\n<td><strong>08<\/strong> <strong>&#8211; 17:38h &#8211;<\/strong> Muntaner \/ Diputaci\u00f3<\/td>\n<\/tr>\n<tr>\n<td><strong>09- 17:45h <\/strong>&#8211; Sep\u00falveda \/ Casanova<\/td>\n<\/tr>\n<tr>\n<td><strong>10- 17:48h<\/strong> &#8211; Sep\u00falveda \/ Viladomat<\/td>\n<\/tr>\n<\/tbody>\n<\/table>\n<p>[\/et_pb_text][\/et_pb_column][et_pb_column type=&#8221;1_2&#8243; _builder_version=&#8221;4.20.0&#8243; _module_preset=&#8221;default&#8221; global_colors_info=&#8221;{}&#8221;][et_pb_text module_class=&#8221;caixa fons-verd enumeracio&#8221; _builder_version=&#8221;4.20.0&#8243; _module_preset=&#8221;default&#8221; max_width=&#8221;180px&#8221; global_colors_info=&#8221;{}&#8221;]<\/p>\n<p><span class=\"numero\">02<\/span><\/p>\n<p>[\/et_pb_text][et_pb_text _builder_version=&#8221;4.27.0&#8243; _module_preset=&#8221;default&#8221; hover_enabled=&#8221;0&#8243; global_colors_info=&#8221;{}&#8221; sticky_enabled=&#8221;0&#8243;]<strong>Matins<\/strong><\/p>\n<table class=\"taula_verda\">\n<tbody>\n<tr>\n<td><strong>01 &#8211; 07:35h &#8211;<\/strong> Llacuna \/ Pujades<\/td>\n<\/tr>\n<tr>\n<td><strong>02<\/strong> <strong>&#8211; 07:40h &#8211;<\/strong> Joan d\u2019Austria \/ Ramon Turr\u00f3<\/td>\n<\/tr>\n<tr>\n<td><strong>03<\/strong> <strong>&#8211; 07:50h &#8211;<\/strong> Passeig de Sant Joan \/ Val\u00e8ncia<\/td>\n<\/tr>\n<tr>\n<td><strong>04<\/strong> <strong>&#8211; 07:55h &#8211;<\/strong> Passeig de Sant Joan \/ C\u00f2rsega<\/td>\n<\/tr>\n<tr>\n<td><strong>05<\/strong> <strong>&#8211; 08:00h &#8211; <\/strong>Roger de Flor \/ Trav. de Gr\u00e0cia<\/td>\n<\/tr>\n<tr>\n<td><strong>06<\/strong> <strong>&#8211; 08:05h &#8211;<\/strong> Bruc, 155<\/td>\n<\/tr>\n<tr>\n<td><strong>07<\/strong> <strong>&#8211; 08:07h &#8211;<\/strong> Bruc \/ Mallorca<\/td>\n<\/tr>\n<tr>\n<td><strong>08<\/strong> <strong>&#8211; 08:10h &#8211;<\/strong> Avda. Diagonal \/ Passeig de Gr\u00e0cia (parada de bus)<\/td>\n<\/tr>\n<tr>\n<td><strong>09<\/strong> <strong>&#8211; 08:15h &#8211; <\/strong>Via Augusta, 4 (parada bus)<\/td>\n<\/tr>\n<tr>\n<td><strong>10<\/strong> <strong>&#8211; 08:15h &#8211;<\/strong> Pl. Gala Placidia<\/td>\n<\/tr>\n<tr>\n<td><strong>11<\/strong> <strong>&#8211; 08:20h &#8211;<\/strong> Bolivar \/ Agramunt<\/td>\n<\/tr>\n<\/tbody>\n<\/table>\n<p><strong>Tardes<\/strong><\/p>\n<table class=\"taula_verda\">\n<tbody>\n<tr>\n<td><strong>01<\/strong> <strong>&#8211; 17:02h &#8211;<\/strong> Muntaner \/ Arimon<\/td>\n<\/tr>\n<tr>\n<td><strong>02<\/strong> <strong>&#8211; 17:05h &#8211;<\/strong> Via Augusta \/ Muntaner<\/td>\n<\/tr>\n<tr>\n<td><strong>03<\/strong> <strong>&#8211; 17:08h &#8211;<\/strong> Travessera de Gr\u00e0cia \/ Muntaner (parada bus)<\/td>\n<\/tr>\n<tr>\n<td><strong>04<\/strong> <strong>&#8211; 17:10h &#8211;<\/strong> Travessera de Gr\u00e0cia, 78 (Capbravo)<\/td>\n<\/tr>\n<tr>\n<td><strong>05<\/strong> <strong>&#8211; 17:12h &#8211;<\/strong> Via Augusta, 73<\/td>\n<\/tr>\n<tr>\n<td><strong>06<\/strong> <strong>&#8211; 17:15h &#8211;<\/strong> Via Augusta, 3 (Hotel Balmoral)<\/td>\n<\/tr>\n<tr>\n<td><strong>07<\/strong> <strong>&#8211; 17:17h &#8211;<\/strong> Av. Diagonal \/ Passeig de Gr\u00e0cia (parada bus lado mar)<\/td>\n<\/tr>\n<tr>\n<td><strong>08<\/strong> <strong>&#8211; 17:20h &#8211;<\/strong> Rossell\u00f3 \/ Bruc<\/td>\n<\/tr>\n<tr>\n<td><strong>09<\/strong> <strong>&#8211; 17:22h &#8211;<\/strong> Rossell\u00f3 \/ Passeig de Sant Joan<\/td>\n<\/tr>\n<tr>\n<td><strong>10<\/strong> <strong>&#8211; 17:25h &#8211;<\/strong> Travessera de Gr\u00e0cia \/ Roger de Flor<\/td>\n<\/tr>\n<tr>\n<td><strong>11<\/strong> <strong>&#8211; 17:38h &#8211;<\/strong> Llull \/ Rosa Sensat<\/td>\n<\/tr>\n<tr>\n<td><strong>12<\/strong> <strong>&#8211; 17:50h &#8211;<\/strong> Llull \/ Ciutat de Granada<\/td>\n<\/tr>\n<\/tbody>\n<\/table>\n<p>[\/et_pb_text][\/et_pb_column][\/et_pb_row][\/et_pb_section]<\/p>\n","protected":false},"excerpt":{"rendered":"<p>Autocar escolar John Talabot ofereix un servei d&#8217;autob\u00fas escolar amb una ruta preestablerta des de P3 fins a 6\u00ba Prim\u00e0ria. Els alumnes reben el mateix tracte personalitzat a la ruta [&hellip;]<\/p>\n","protected":false},"author":1,"featured_media":3168,"parent":0,"menu_order":0,"comment_status":"closed","ping_status":"closed","template":"","meta":{"_et_pb_use_builder":"on","_et_pb_old_content":"","_et_gb_content_width":"","inline_featured_image":false,"footnotes":""},"class_list":["post-1091","page","type-page","status-publish","has-post-thumbnail","hentry"],"acf":[],"yoast_head":"<!-- This site is optimized with the Yoast SEO plugin v23.6 - https:\/\/yoast.com\/wordpress\/plugins\/seo\/ -->\n<title>Autocar escolar - John Talabot School<\/title>\n<meta name=\"robots\" content=\"noindex, follow, max-snippet:-1, max-image-preview:large, max-video-preview:-1\" \/>\n<meta property=\"og:locale\" content=\"ca_ES\" \/>\n<meta property=\"og:type\" content=\"article\" \/>\n<meta property=\"og:title\" content=\"Autocar escolar - John Talabot School\" \/>\n<meta property=\"og:description\" content=\"Autocar escolar John Talabot ofereix un servei d&#039;autob\u00fas escolar amb una ruta preestablerta des de P3 fins a 6\u00ba Prim\u00e0ria. Els alumnes reben el mateix tracte personalitzat a la ruta [&hellip;]\" \/>\n<meta property=\"og:url\" content=\"https:\/\/pruebas.prodex-informatica.com\/parapruebas2021\/school-bus\/\" \/>\n<meta property=\"og:site_name\" content=\"John Talabot School\" \/>\n<meta property=\"article:modified_time\" content=\"2024-09-30T11:32:05+00:00\" \/>\n<meta property=\"og:image\" content=\"https:\/\/pruebas.prodex-informatica.com\/parapruebas2021\/wp-content\/uploads\/2024\/07\/bus.jpg\" \/>\n\t<meta property=\"og:image:width\" content=\"2000\" \/>\n\t<meta property=\"og:image:height\" content=\"746\" \/>\n\t<meta property=\"og:image:type\" content=\"image\/jpeg\" \/>\n<meta name=\"twitter:card\" content=\"summary_large_image\" \/>\n<meta name=\"twitter:label1\" content=\"Temps estimat de lectura\" \/>\n\t<meta name=\"twitter:data1\" content=\"1 minut\" \/>\n<script type=\"application\/ld+json\" class=\"yoast-schema-graph\">{\"@context\":\"https:\/\/schema.org\",\"@graph\":[{\"@type\":\"WebPage\",\"@id\":\"https:\/\/pruebas.prodex-informatica.com\/parapruebas2021\/school-bus\/\",\"url\":\"https:\/\/pruebas.prodex-informatica.com\/parapruebas2021\/school-bus\/\",\"name\":\"Autocar escolar - John Talabot School\",\"isPartOf\":{\"@id\":\"https:\/\/pruebas.prodex-informatica.com\/parapruebas2021\/#website\"},\"primaryImageOfPage\":{\"@id\":\"https:\/\/pruebas.prodex-informatica.com\/parapruebas2021\/school-bus\/#primaryimage\"},\"image\":{\"@id\":\"https:\/\/pruebas.prodex-informatica.com\/parapruebas2021\/school-bus\/#primaryimage\"},\"thumbnailUrl\":\"https:\/\/pruebas.prodex-informatica.com\/parapruebas2021\/wp-content\/uploads\/2024\/07\/bus.jpg\",\"datePublished\":\"2023-03-19T18:35:26+00:00\",\"dateModified\":\"2024-09-30T11:32:05+00:00\",\"breadcrumb\":{\"@id\":\"https:\/\/pruebas.prodex-informatica.com\/parapruebas2021\/school-bus\/#breadcrumb\"},\"inLanguage\":\"ca\",\"potentialAction\":[{\"@type\":\"ReadAction\",\"target\":[\"https:\/\/pruebas.prodex-informatica.com\/parapruebas2021\/school-bus\/\"]}]},{\"@type\":\"ImageObject\",\"inLanguage\":\"ca\",\"@id\":\"https:\/\/pruebas.prodex-informatica.com\/parapruebas2021\/school-bus\/#primaryimage\",\"url\":\"https:\/\/pruebas.prodex-informatica.com\/parapruebas2021\/wp-content\/uploads\/2024\/07\/bus.jpg\",\"contentUrl\":\"https:\/\/pruebas.prodex-informatica.com\/parapruebas2021\/wp-content\/uploads\/2024\/07\/bus.jpg\",\"width\":2000,\"height\":746},{\"@type\":\"BreadcrumbList\",\"@id\":\"https:\/\/pruebas.prodex-informatica.com\/parapruebas2021\/school-bus\/#breadcrumb\",\"itemListElement\":[{\"@type\":\"ListItem\",\"position\":1,\"name\":\"Home\",\"item\":\"https:\/\/pruebas.prodex-informatica.com\/parapruebas2021\/\"},{\"@type\":\"ListItem\",\"position\":2,\"name\":\"Autocar escolar\"}]},{\"@type\":\"WebSite\",\"@id\":\"https:\/\/pruebas.prodex-informatica.com\/parapruebas2021\/#website\",\"url\":\"https:\/\/pruebas.prodex-informatica.com\/parapruebas2021\/\",\"name\":\"John Talabot School\",\"description\":\"\",\"publisher\":{\"@id\":\"https:\/\/pruebas.prodex-informatica.com\/parapruebas2021\/#organization\"},\"potentialAction\":[{\"@type\":\"SearchAction\",\"target\":{\"@type\":\"EntryPoint\",\"urlTemplate\":\"https:\/\/pruebas.prodex-informatica.com\/parapruebas2021\/?s={search_term_string}\"},\"query-input\":{\"@type\":\"PropertyValueSpecification\",\"valueRequired\":true,\"valueName\":\"search_term_string\"}}],\"inLanguage\":\"ca\"},{\"@type\":\"Organization\",\"@id\":\"https:\/\/pruebas.prodex-informatica.com\/parapruebas2021\/#organization\",\"name\":\"John Talabot School Barcelona\",\"alternateName\":\"John Talabot\",\"url\":\"https:\/\/pruebas.prodex-informatica.com\/parapruebas2021\/\",\"logo\":{\"@type\":\"ImageObject\",\"inLanguage\":\"ca\",\"@id\":\"https:\/\/pruebas.prodex-informatica.com\/parapruebas2021\/#\/schema\/logo\/image\/\",\"url\":\"https:\/\/pruebas.prodex-informatica.com\/parapruebas2021\/wp-content\/uploads\/2023\/03\/john-talabol-logo-q.webp\",\"contentUrl\":\"https:\/\/pruebas.prodex-informatica.com\/parapruebas2021\/wp-content\/uploads\/2023\/03\/john-talabol-logo-q.webp\",\"width\":550,\"height\":550,\"caption\":\"John Talabot School Barcelona\"},\"image\":{\"@id\":\"https:\/\/pruebas.prodex-informatica.com\/parapruebas2021\/#\/schema\/logo\/image\/\"}}]}<\/script>\n<!-- \/ Yoast SEO plugin. -->","yoast_head_json":{"title":"Autocar escolar - John Talabot School","robots":{"index":"noindex","follow":"follow","max-snippet":"max-snippet:-1","max-image-preview":"max-image-preview:large","max-video-preview":"max-video-preview:-1"},"og_locale":"ca_ES","og_type":"article","og_title":"Autocar escolar - John Talabot School","og_description":"Autocar escolar John Talabot ofereix un servei d'autob\u00fas escolar amb una ruta preestablerta des de P3 fins a 6\u00ba Prim\u00e0ria. Els alumnes reben el mateix tracte personalitzat a la ruta [&hellip;]","og_url":"https:\/\/pruebas.prodex-informatica.com\/parapruebas2021\/school-bus\/","og_site_name":"John Talabot School","article_modified_time":"2024-09-30T11:32:05+00:00","og_image":[{"width":2000,"height":746,"url":"https:\/\/pruebas.prodex-informatica.com\/parapruebas2021\/wp-content\/uploads\/2024\/07\/bus.jpg","type":"image\/jpeg"}],"twitter_card":"summary_large_image","twitter_misc":{"Temps estimat de lectura":"1 minut"},"schema":{"@context":"https:\/\/schema.org","@graph":[{"@type":"WebPage","@id":"https:\/\/pruebas.prodex-informatica.com\/parapruebas2021\/school-bus\/","url":"https:\/\/pruebas.prodex-informatica.com\/parapruebas2021\/school-bus\/","name":"Autocar escolar - John Talabot School","isPartOf":{"@id":"https:\/\/pruebas.prodex-informatica.com\/parapruebas2021\/#website"},"primaryImageOfPage":{"@id":"https:\/\/pruebas.prodex-informatica.com\/parapruebas2021\/school-bus\/#primaryimage"},"image":{"@id":"https:\/\/pruebas.prodex-informatica.com\/parapruebas2021\/school-bus\/#primaryimage"},"thumbnailUrl":"https:\/\/pruebas.prodex-informatica.com\/parapruebas2021\/wp-content\/uploads\/2024\/07\/bus.jpg","datePublished":"2023-03-19T18:35:26+00:00","dateModified":"2024-09-30T11:32:05+00:00","breadcrumb":{"@id":"https:\/\/pruebas.prodex-informatica.com\/parapruebas2021\/school-bus\/#breadcrumb"},"inLanguage":"ca","potentialAction":[{"@type":"ReadAction","target":["https:\/\/pruebas.prodex-informatica.com\/parapruebas2021\/school-bus\/"]}]},{"@type":"ImageObject","inLanguage":"ca","@id":"https:\/\/pruebas.prodex-informatica.com\/parapruebas2021\/school-bus\/#primaryimage","url":"https:\/\/pruebas.prodex-informatica.com\/parapruebas2021\/wp-content\/uploads\/2024\/07\/bus.jpg","contentUrl":"https:\/\/pruebas.prodex-informatica.com\/parapruebas2021\/wp-content\/uploads\/2024\/07\/bus.jpg","width":2000,"height":746},{"@type":"BreadcrumbList","@id":"https:\/\/pruebas.prodex-informatica.com\/parapruebas2021\/school-bus\/#breadcrumb","itemListElement":[{"@type":"ListItem","position":1,"name":"Home","item":"https:\/\/pruebas.prodex-informatica.com\/parapruebas2021\/"},{"@type":"ListItem","position":2,"name":"Autocar escolar"}]},{"@type":"WebSite","@id":"https:\/\/pruebas.prodex-informatica.com\/parapruebas2021\/#website","url":"https:\/\/pruebas.prodex-informatica.com\/parapruebas2021\/","name":"John Talabot School","description":"","publisher":{"@id":"https:\/\/pruebas.prodex-informatica.com\/parapruebas2021\/#organization"},"potentialAction":[{"@type":"SearchAction","target":{"@type":"EntryPoint","urlTemplate":"https:\/\/pruebas.prodex-informatica.com\/parapruebas2021\/?s={search_term_string}"},"query-input":{"@type":"PropertyValueSpecification","valueRequired":true,"valueName":"search_term_string"}}],"inLanguage":"ca"},{"@type":"Organization","@id":"https:\/\/pruebas.prodex-informatica.com\/parapruebas2021\/#organization","name":"John Talabot School Barcelona","alternateName":"John Talabot","url":"https:\/\/pruebas.prodex-informatica.com\/parapruebas2021\/","logo":{"@type":"ImageObject","inLanguage":"ca","@id":"https:\/\/pruebas.prodex-informatica.com\/parapruebas2021\/#\/schema\/logo\/image\/","url":"https:\/\/pruebas.prodex-informatica.com\/parapruebas2021\/wp-content\/uploads\/2023\/03\/john-talabol-logo-q.webp","contentUrl":"https:\/\/pruebas.prodex-informatica.com\/parapruebas2021\/wp-content\/uploads\/2023\/03\/john-talabol-logo-q.webp","width":550,"height":550,"caption":"John Talabot School Barcelona"},"image":{"@id":"https:\/\/pruebas.prodex-informatica.com\/parapruebas2021\/#\/schema\/logo\/image\/"}}]}},"_links":{"self":[{"href":"https:\/\/pruebas.prodex-informatica.com\/parapruebas2021\/ca\/wp-json\/wp\/v2\/pages\/1091","targetHints":{"allow":["GET"]}}],"collection":[{"href":"https:\/\/pruebas.prodex-informatica.com\/parapruebas2021\/ca\/wp-json\/wp\/v2\/pages"}],"about":[{"href":"https:\/\/pruebas.prodex-informatica.com\/parapruebas2021\/ca\/wp-json\/wp\/v2\/types\/page"}],"author":[{"embeddable":true,"href":"https:\/\/pruebas.prodex-informatica.com\/parapruebas2021\/ca\/wp-json\/wp\/v2\/users\/1"}],"replies":[{"embeddable":true,"href":"https:\/\/pruebas.prodex-informatica.com\/parapruebas2021\/ca\/wp-json\/wp\/v2\/comments?post=1091"}],"version-history":[{"count":4,"href":"https:\/\/pruebas.prodex-informatica.com\/parapruebas2021\/ca\/wp-json\/wp\/v2\/pages\/1091\/revisions"}],"predecessor-version":[{"id":3411,"href":"https:\/\/pruebas.prodex-informatica.com\/parapruebas2021\/ca\/wp-json\/wp\/v2\/pages\/1091\/revisions\/3411"}],"wp:featuredmedia":[{"embeddable":true,"href":"https:\/\/pruebas.prodex-informatica.com\/parapruebas2021\/ca\/wp-json\/wp\/v2\/media\/3168"}],"wp:attachment":[{"href":"https:\/\/pruebas.prodex-informatica.com\/parapruebas2021\/ca\/wp-json\/wp\/v2\/media?parent=1091"}],"curies":[{"name":"wp","href":"https:\/\/api.w.org\/{rel}","templated":true}]}}